{"id":275,"date":"2022-03-07T13:01:08","date_gmt":"2022-03-07T13:01:08","guid":{"rendered":"https:\/\/nuevaempresa.com.ar\/brighton\/?page_id=275"},"modified":"2022-03-23T13:48:30","modified_gmt":"2022-03-23T13:48:30","slug":"ingles-para-adolescentes","status":"publish","type":"page","link":"https:\/\/nuevaempresa.com.ar\/brighton\/ingles-para-adolescentes\/","title":{"rendered":"Adolescentes"},"content":{"rendered":"<p>[et_pb_section fb_built=&#8221;1&#8243; _builder_version=&#8221;4.5.3&#8243; background_enable_image=&#8221;off&#8221; custom_padding=&#8221;||46px|||&#8221; top_divider_style=&#8221;ramp2&#8243; top_divider_height=&#8221;122px&#8221; hover_enabled=&#8221;0&#8243; top_divider_color=&#8221;#0c71c3&#8243;][et_pb_row use_custom_gutter=&#8221;on&#8221; _builder_version=&#8221;4.2.2&#8243; width=&#8221;88%&#8221; max_width=&#8221;1266px&#8221; custom_margin=&#8221;-24px|auto||auto||&#8221;][et_pb_column type=&#8221;4_4&#8243; _builder_version=&#8221;4.2.2&#8243;][et_pb_text _builder_version=&#8221;4.5.3&#8243; text_font=&#8221;Baloo Bhai|700|||||||&#8221; text_text_color=&#8221;#ffffff&#8221; text_font_size=&#8221;30px&#8221; custom_margin=&#8221;-11px|||||&#8221; custom_margin_tablet=&#8221;&#8221; custom_margin_phone=&#8221;-22px||||false|false&#8221; custom_margin_last_edited=&#8221;on|phone&#8221; hover_enabled=&#8221;0&#8243; text_font_size_tablet=&#8221;&#8221; text_font_size_phone=&#8221;20px&#8221; text_font_size_last_edited=&#8221;on|phone&#8221;]<\/p>\n<p style=\"text-align: right;\">CLASES Y CURSOS PARA ADOLESCENTES<\/p>\n<p>[\/et_pb_text][\/et_pb_column][\/et_pb_row][\/et_pb_section][et_pb_section fb_built=&#8221;1&#8243; _builder_version=&#8221;4.2.2&#8243; custom_padding=&#8221;0px||9px|||&#8221;][et_pb_row _builder_version=&#8221;4.2.2&#8243;][et_pb_column type=&#8221;4_4&#8243; _builder_version=&#8221;4.2.2&#8243;][et_pb_text _builder_version=&#8221;4.5.3&#8243; text_font=&#8221;Baloo Bhai|700|||||||&#8221; text_text_color=&#8221;#0c71c3&#8243; text_font_size=&#8221;35px&#8221; text_line_height=&#8221;1.5em&#8221; custom_margin=&#8221;12px|||||&#8221; custom_margin_tablet=&#8221;&#8221; custom_margin_phone=&#8221;-10px||||false|false&#8221; custom_margin_last_edited=&#8221;on|phone&#8221; hover_enabled=&#8221;0&#8243; text_font_size_tablet=&#8221;&#8221; text_font_size_phone=&#8221;25px&#8221; text_font_size_last_edited=&#8221;on|phone&#8221;]<\/p>\n<p>\u00a1Tenemos el mejor Curso de ingl\u00e9s para tus hijos!<br \/> Cursos de ingl\u00e9s para Adolescentes de 12 a 17 a\u00f1os<\/p>\n<p>[\/et_pb_text][\/et_pb_column][\/et_pb_row][et_pb_row column_structure=&#8221;1_3,2_3&#8243; _builder_version=&#8221;4.5.3&#8243; custom_margin=&#8221;|auto|-29px|auto||&#8221;][et_pb_column type=&#8221;1_3&#8243; _builder_version=&#8221;4.2.2&#8243;][et_pb_image src=&#8221;https:\/\/nuevaempresa.com.ar\/brighton\/wp-content\/uploads\/2022\/03\/Adolescentes.jpg&#8221; title_text=&#8221;Adolescentes&#8221; _builder_version=&#8221;4.5.3&#8243;][\/et_pb_image][\/et_pb_column][et_pb_column type=&#8221;2_3&#8243; _builder_version=&#8221;4.2.2&#8243;][et_pb_text _builder_version=&#8221;4.5.3&#8243; text_font=&#8221;||||||||&#8221; text_text_color=&#8221;#000000&#8243; text_font_size=&#8221;16px&#8221; text_line_height=&#8221;1.8em&#8221; custom_margin=&#8221;||16px|||&#8221;]<\/p>\n<p>Los cursos de ingl\u00e9s para adolescentes, tienen como principal objetivo preparar a los alumnos para utilizar el idioma en contextos de la vida real a trav\u00e9s del uso de material aut\u00e9ntico y de herramientas digitales. De esta forma, se busca acercar a los alumnos al idioma partiendo de sus intereses y necesidades y lograr as\u00ed no s\u00f3lo excelencia acad\u00e9mica, que les permita por ejemplo realizar un examen internacional, sino tambi\u00e9n brindarles autonom\u00eda, herramientas comunicativas y habilidades de negociaci\u00f3n indispensables para que conviertan al Ingl\u00e9s en una herramienta esencial para su futuro.<\/p>\n<p>[\/et_pb_text][\/et_pb_column][\/et_pb_row][et_pb_row _builder_version=&#8221;4.5.3&#8243; _module_preset=&#8221;default&#8221;][et_pb_column type=&#8221;4_4&#8243; _builder_version=&#8221;4.5.3&#8243; _module_preset=&#8221;default&#8221;][et_pb_text _builder_version=&#8221;4.5.3&#8243; text_font=&#8221;||||||||&#8221; text_text_color=&#8221;#000000&#8243; text_font_size=&#8221;16px&#8221; text_line_height=&#8221;1.8em&#8221; custom_margin=&#8221;||16px|||&#8221;]<\/p>\n<p>Desde los primeros niveles, los adolescentes:\u00a0Desde los primeros niveles, los adolescentes:<\/p>\n<p>\u2022 Experimenten en primera persona la importancia de saber ingl\u00e9s y la importancia para su futuro desarrollo.<br \/> \u2022 Aprenden el idioma a trav\u00e9s de actividades y proyectos relacionados con sus intereses y con tem\u00e1ticas del mundo actual.<br \/> \u2022 Debaten e intercambian opiniones, desarrollando as\u00ed su pensamiento cr\u00edtico y sus habilidades de negociaci\u00f3n.<br \/> \u2022 Adquieren un uso fluido del idioma que les permite escuchar su m\u00fasica favorita en ingl\u00e9s, ver series, leer notas en blogs y seguir a distintos influencers del mundo.<br \/> \u2022 Ampl\u00eden su visi\u00f3n global y comiencen a pensar en la posibilidad de realizar intercambios y conocer nuevas culturas.\u00a0En todos nuestros cursos para juniors y adolescentes, los alumnos logran comunicarse de forma espont\u00e1nea, natural y fluida en la segunda lengua con la confianza necesaria para formar parte del mundo global. Para ello, adem\u00e1s del trabajo semanal en clase, se promueve la participaci\u00f3n en foros de discusi\u00f3n y de intercambio, la participaci\u00f3n en jornadas de debates y los viajes interculturales que favorecen el desarrollo integral del alumno.<\/p>\n<p>[\/et_pb_text][\/et_pb_column][\/et_pb_row][et_pb_row _builder_version=&#8221;4.2.2&#8243;][et_pb_column type=&#8221;4_4&#8243; _builder_version=&#8221;4.2.2&#8243;][et_pb_divider color=&#8221;#0c71c3&#8243; divider_weight=&#8221;3px&#8221; _builder_version=&#8221;4.2.2&#8243;][\/et_pb_divider][\/et_pb_column][\/et_pb_row][\/et_pb_section][et_pb_section fb_built=&#8221;1&#8243; _builder_version=&#8221;4.2.2&#8243; custom_margin=&#8221;-46px|||||&#8221; custom_padding=&#8221;34px||102px|||&#8221;][et_pb_row _builder_version=&#8221;4.2.2&#8243; custom_margin=&#8221;-28px|auto||auto||&#8221;][et_pb_column type=&#8221;4_4&#8243; _builder_version=&#8221;4.2.2&#8243;][et_pb_text _builder_version=&#8221;4.5.3&#8243; text_font=&#8221;Baloo Bhai|700|||||||&#8221; text_text_color=&#8221;#5b8500&#8243; text_font_size=&#8221;30px&#8221; text_line_height=&#8221;1.2em&#8221; hover_enabled=&#8221;0&#8243; text_font_size_tablet=&#8221;&#8221; text_font_size_phone=&#8221;30px&#8221; text_font_size_last_edited=&#8221;on|phone&#8221;]<\/p>\n<p style=\"text-align: center;\">Comunicate por Whatsapp<br \/> +34 630 87 95 32\u00a0<img loading=\"lazy\" src=\"https:\/\/nuevaempresa.com.ar\/brighton\/wp-content\/uploads\/2022\/03\/ea-bri.png\" width=\"50\" height=\"38\" alt=\"\" class=\"wp-image-765 alignnone size-full\" srcset=\"https:\/\/nuevaempresa.com.ar\/brighton\/wp-content\/uploads\/2022\/03\/ea-bri.png 50w, https:\/\/nuevaempresa.com.ar\/brighton\/wp-content\/uploads\/2022\/03\/ea-bri-24x18.png 24w, https:\/\/nuevaempresa.com.ar\/brighton\/wp-content\/uploads\/2022\/03\/ea-bri-36x27.png 36w, https:\/\/nuevaempresa.com.ar\/brighton\/wp-content\/uploads\/2022\/03\/ea-bri-48x36.png 48w\" sizes=\"(max-width: 50px) 100vw, 50px\" \/><\/p>\n<p>[\/et_pb_text][\/et_pb_column][\/et_pb_row][\/et_pb_section]<\/p>\n","protected":false},"excerpt":{"rendered":"<p>[et_pb_section fb_built=&#8221;1&#8243; _builder_version=&#8221;4.5.3&#8243; background_enable_image=&#8221;off&#8221; custom_padding=&#8221;||46px|||&#8221; top_divider_style=&#8221;ramp2&#8243; top_divider_height=&#8221;122px&#8221; hover_enabled=&#8221;0&#8243; top_divider_color=&#8221;#0c71c3&#8243;][et_pb_row use_custom_gutter=&#8221;on&#8221; _builder_version=&#8221;4.2.2&#8243; width=&#8221;88%&#8221; max_width=&#8221;1266px&#8221; custom_margin=&#8221;-24px|auto||auto||&#8221;][et_pb_column type=&#8221;4_4&#8243; _builder_version=&#8221;4.2.2&#8243;][et_pb_text _builder_version=&#8221;4.5.3&#8243; text_font=&#8221;Baloo Bhai|700|||||||&#8221; text_text_color=&#8221;#ffffff&#8221; text_font_size=&#8221;30px&#8221; custom_margin=&#8221;-11px|||||&#8221; custom_margin_tablet=&#8221;&#8221; custom_margin_phone=&#8221;-22px||||false|false&#8221; custom_margin_last_edited=&#8221;on|phone&#8221; hover_enabled=&#8221;0&#8243; text_font_size_tablet=&#8221;&#8221; text_font_size_phone=&#8221;20px&#8221; text_font_size_last_edited=&#8221;on|phone&#8221;] CLASES Y CURSOS PARA ADOLESCENTES [\/et_pb_text][\/et_pb_column][\/et_pb_row][\/et_pb_section][et_pb_section fb_built=&#8221;1&#8243; _builder_version=&#8221;4.2.2&#8243; custom_padding=&#8221;0px||9px|||&#8221;][et_pb_row _builder_version=&#8221;4.2.2&#8243;][et_pb_column type=&#8221;4_4&#8243; _builder_version=&#8221;4.2.2&#8243;][et_pb_text _builder_version=&#8221;4.5.3&#8243; text_font=&#8221;Baloo Bhai|700|||||||&#8221; text_text_color=&#8221;#0c71c3&#8243; text_font_size=&#8221;35px&#8221; text_line_height=&#8221;1.5em&#8221; custom_margin=&#8221;12px|||||&#8221; custom_margin_tablet=&#8221;&#8221; custom_margin_phone=&#8221;-10px||||false|false&#8221; custom_margin_last_edited=&#8221;on|phone&#8221; hover_enabled=&#8221;0&#8243; text_font_size_tablet=&#8221;&#8221; text_font_size_phone=&#8221;25px&#8221; text_font_size_last_edited=&#8221;on|phone&#8221;] [&hellip;]<\/p>\n","protected":false},"author":1,"featured_media":0,"parent":0,"menu_order":0,"comment_status":"closed","ping_status":"closed","template":"","meta":{"_et_pb_use_builder":"on","_et_pb_old_content":"","_et_gb_content_width":""},"_links":{"self":[{"href":"https:\/\/nuevaempresa.com.ar\/brighton\/wp-json\/wp\/v2\/pages\/275"}],"collection":[{"href":"https:\/\/nuevaempresa.com.ar\/brighton\/wp-json\/wp\/v2\/pages"}],"about":[{"href":"https:\/\/nuevaempresa.com.ar\/brighton\/wp-json\/wp\/v2\/types\/page"}],"author":[{"embeddable":true,"href":"https:\/\/nuevaempresa.com.ar\/brighton\/wp-json\/wp\/v2\/users\/1"}],"replies":[{"embeddable":true,"href":"https:\/\/nuevaempresa.com.ar\/brighton\/wp-json\/wp\/v2\/comments?post=275"}],"version-history":[{"count":17,"href":"https:\/\/nuevaempresa.com.ar\/brighton\/wp-json\/wp\/v2\/pages\/275\/revisions"}],"predecessor-version":[{"id":766,"href":"https:\/\/nuevaempresa.com.ar\/brighton\/wp-json\/wp\/v2\/pages\/275\/revisions\/766"}],"wp:attachment":[{"href":"https:\/\/nuevaempresa.com.ar\/brighton\/wp-json\/wp\/v2\/media?parent=275"}],"curies":[{"name":"wp","href":"https:\/\/api.w.org\/{rel}","templated":true}]}}