{"id":279,"date":"2022-03-07T13:02:00","date_gmt":"2022-03-07T13:02:00","guid":{"rendered":"https:\/\/nuevaempresa.com.ar\/brighton\/?page_id=279"},"modified":"2022-03-29T18:35:51","modified_gmt":"2022-03-29T18:35:51","slug":"ingles-para-adultos","status":"publish","type":"page","link":"https:\/\/nuevaempresa.com.ar\/brighton\/ingles-para-adultos\/","title":{"rendered":"Adultos"},"content":{"rendered":"<p>[et_pb_section fb_built=&#8221;1&#8243; _builder_version=&#8221;4.5.3&#8243; background_color=&#8221;#efe9d9&#8243; background_enable_image=&#8221;off&#8221; custom_padding=&#8221;||46px|||&#8221; top_divider_style=&#8221;ramp2&#8243; top_divider_color=&#8221;#0d4159&#8243; top_divider_height=&#8221;122px&#8221;][et_pb_row use_custom_gutter=&#8221;on&#8221; _builder_version=&#8221;4.2.2&#8243; width=&#8221;88%&#8221; max_width=&#8221;1266px&#8221; custom_margin=&#8221;-24px|auto||auto||&#8221;][et_pb_column type=&#8221;4_4&#8243; _builder_version=&#8221;4.2.2&#8243;][et_pb_text _builder_version=&#8221;4.5.3&#8243; text_font=&#8221;runboy|700|||||||&#8221; text_text_color=&#8221;#ffffff&#8221; text_font_size=&#8221;30px&#8221; custom_margin=&#8221;-11px|||||&#8221; custom_margin_tablet=&#8221;&#8221; custom_margin_phone=&#8221;-22px||||false|false&#8221; custom_margin_last_edited=&#8221;on|phone&#8221; hover_enabled=&#8221;0&#8243; text_font_size_tablet=&#8221;&#8221; text_font_size_phone=&#8221;20px&#8221; text_font_size_last_edited=&#8221;on|phone&#8221;]<\/p>\n<p style=\"text-align: right;\">CLASES Y CURSOS PARA ADULTOS<\/p>\n<p>[\/et_pb_text][\/et_pb_column][\/et_pb_row][\/et_pb_section][et_pb_section fb_built=&#8221;1&#8243; _builder_version=&#8221;4.5.3&#8243; background_color=&#8221;#efe9d9&#8243; custom_padding=&#8221;0px||9px|||&#8221;][et_pb_row _builder_version=&#8221;4.2.2&#8243;][et_pb_column type=&#8221;4_4&#8243; _builder_version=&#8221;4.2.2&#8243;][et_pb_text _builder_version=&#8221;4.5.3&#8243; text_font=&#8221;runboy|700|||||||&#8221; text_text_color=&#8221;#0d4159&#8243; text_font_size=&#8221;40px&#8221; text_line_height=&#8221;1.5em&#8221; custom_margin=&#8221;12px|||||&#8221; custom_margin_tablet=&#8221;&#8221; custom_margin_phone=&#8221;-10px||||false|false&#8221; custom_margin_last_edited=&#8221;on|phone&#8221; text_font_size_tablet=&#8221;&#8221; text_font_size_phone=&#8221;25px&#8221; text_font_size_last_edited=&#8221;on|phone&#8221;]<\/p>\n<p>Aprender ingl\u00e9s, no tiene edad<\/p>\n<p>[\/et_pb_text][\/et_pb_column][\/et_pb_row][et_pb_row column_structure=&#8221;1_3,2_3&#8243; _builder_version=&#8221;4.5.3&#8243;][et_pb_column type=&#8221;1_3&#8243; _builder_version=&#8221;4.2.2&#8243;][et_pb_image src=&#8221;https:\/\/nuevaempresa.com.ar\/brighton\/wp-content\/uploads\/2022\/03\/Adultos.jpg&#8221; title_text=&#8221;Adultos&#8221; _builder_version=&#8221;4.5.3&#8243;][\/et_pb_image][\/et_pb_column][et_pb_column type=&#8221;2_3&#8243; _builder_version=&#8221;4.2.2&#8243;][et_pb_text _builder_version=&#8221;4.5.3&#8243; text_font=&#8221;||||||||&#8221; text_text_color=&#8221;#000000&#8243; text_font_size=&#8221;16px&#8221; text_line_height=&#8221;1.8em&#8221; custom_margin=&#8221;||8px|||&#8221;]<\/p>\n<p>En estos cursos se adquieren gradualmente herramientas de pronunciaci\u00f3n, vocabulario y uso de estructuras gramaticales cada vez m\u00e1s complejas. Esto se va a traducir en la habilidad de expresar opiniones y compartir ideas, en forma escrita y oral, en los m\u00e1s diversos contextos.<br \/> Se toma contacto con el idioma ingl\u00e9s desde el comienzo mediante actividades comunicativas que requieren una participaci\u00f3n activa del alumno. El material que se utiliza incluye textos permanentemente actualizados publicados por las principales editoriales brit\u00e1nicas, libros de ejercitaci\u00f3n, y todas las soluciones tecnol\u00f3gicas para desarrollar la producci\u00f3n y comprensi\u00f3n oral y escrita. Al completar el sexto nivel, Superior, se alcanza un nivel pre-First Certificate. Al final de esta etapa el alumno est\u00e1 capacitado para poder desenvolverse satisfactoriamente en ingl\u00e9s, en cualquier situaci\u00f3n.<\/p>\n<p>[\/et_pb_text][\/et_pb_column][\/et_pb_row][et_pb_row _builder_version=&#8221;4.2.2&#8243;][et_pb_column type=&#8221;4_4&#8243; _builder_version=&#8221;4.2.2&#8243;][et_pb_divider color=&#8221;#0c71c3&#8243; divider_weight=&#8221;3px&#8221; _builder_version=&#8221;4.2.2&#8243;][\/et_pb_divider][\/et_pb_column][\/et_pb_row][\/et_pb_section][et_pb_section fb_built=&#8221;1&#8243; _builder_version=&#8221;4.5.3&#8243; background_color=&#8221;#efe9d9&#8243; custom_margin=&#8221;-46px|||||&#8221; custom_padding=&#8221;34px||102px|||&#8221;][et_pb_row _builder_version=&#8221;4.2.2&#8243; custom_margin=&#8221;-28px|auto||auto||&#8221;][et_pb_column type=&#8221;4_4&#8243; _builder_version=&#8221;4.2.2&#8243;][et_pb_text _builder_version=&#8221;4.5.3&#8243; text_font=&#8221;Baloo Bhai|700|||||||&#8221; text_text_color=&#8221;#5b8500&#8243; text_font_size=&#8221;30px&#8221; text_line_height=&#8221;1.2em&#8221; text_font_size_tablet=&#8221;&#8221; text_font_size_phone=&#8221;30px&#8221; text_font_size_last_edited=&#8221;on|phone&#8221;]<\/p>\n<p style=\"text-align: center;\">Comunicate por Whatsapp<br \/> +34 630 87 95 32\u00a0<img loading=\"lazy\" src=\"https:\/\/nuevaempresa.com.ar\/brighton\/wp-content\/uploads\/2022\/03\/ea-bri.png\" width=\"50\" height=\"38\" alt=\"\" class=\"wp-image-765 alignnone size-full\" srcset=\"https:\/\/nuevaempresa.com.ar\/brighton\/wp-content\/uploads\/2022\/03\/ea-bri.png 50w, https:\/\/nuevaempresa.com.ar\/brighton\/wp-content\/uploads\/2022\/03\/ea-bri-24x18.png 24w, https:\/\/nuevaempresa.com.ar\/brighton\/wp-content\/uploads\/2022\/03\/ea-bri-36x27.png 36w, https:\/\/nuevaempresa.com.ar\/brighton\/wp-content\/uploads\/2022\/03\/ea-bri-48x36.png 48w\" sizes=\"(max-width: 50px) 100vw, 50px\" \/><\/p>\n<p>[\/et_pb_text][\/et_pb_column][\/et_pb_row][\/et_pb_section]<\/p>\n","protected":false},"excerpt":{"rendered":"<p>[et_pb_section fb_built=&#8221;1&#8243; _builder_version=&#8221;4.5.3&#8243; background_color=&#8221;#efe9d9&#8243; background_enable_image=&#8221;off&#8221; custom_padding=&#8221;||46px|||&#8221; top_divider_style=&#8221;ramp2&#8243; top_divider_color=&#8221;#0d4159&#8243; top_divider_height=&#8221;122px&#8221;][et_pb_row use_custom_gutter=&#8221;on&#8221; _builder_version=&#8221;4.2.2&#8243; width=&#8221;88%&#8221; max_width=&#8221;1266px&#8221; custom_margin=&#8221;-24px|auto||auto||&#8221;][et_pb_column type=&#8221;4_4&#8243; _builder_version=&#8221;4.2.2&#8243;][et_pb_text _builder_version=&#8221;4.5.3&#8243; text_font=&#8221;runboy|700|||||||&#8221; text_text_color=&#8221;#ffffff&#8221; text_font_size=&#8221;30px&#8221; custom_margin=&#8221;-11px|||||&#8221; custom_margin_tablet=&#8221;&#8221; custom_margin_phone=&#8221;-22px||||false|false&#8221; custom_margin_last_edited=&#8221;on|phone&#8221; hover_enabled=&#8221;0&#8243; text_font_size_tablet=&#8221;&#8221; text_font_size_phone=&#8221;20px&#8221; text_font_size_last_edited=&#8221;on|phone&#8221;] CLASES Y CURSOS PARA ADULTOS [\/et_pb_text][\/et_pb_column][\/et_pb_row][\/et_pb_section][et_pb_section fb_built=&#8221;1&#8243; _builder_version=&#8221;4.5.3&#8243; background_color=&#8221;#efe9d9&#8243; custom_padding=&#8221;0px||9px|||&#8221;][et_pb_row _builder_version=&#8221;4.2.2&#8243;][et_pb_column type=&#8221;4_4&#8243; _builder_version=&#8221;4.2.2&#8243;][et_pb_text _builder_version=&#8221;4.5.3&#8243; text_font=&#8221;runboy|700|||||||&#8221; text_text_color=&#8221;#0d4159&#8243; text_font_size=&#8221;40px&#8221; text_line_height=&#8221;1.5em&#8221; custom_margin=&#8221;12px|||||&#8221; custom_margin_tablet=&#8221;&#8221; custom_margin_phone=&#8221;-10px||||false|false&#8221; custom_margin_last_edited=&#8221;on|phone&#8221; text_font_size_tablet=&#8221;&#8221; text_font_size_phone=&#8221;25px&#8221; text_font_size_last_edited=&#8221;on|phone&#8221;] Aprender ingl\u00e9s, [&hellip;]<\/p>\n","protected":false},"author":1,"featured_media":0,"parent":0,"menu_order":0,"comment_status":"closed","ping_status":"closed","template":"","meta":{"_et_pb_use_builder":"on","_et_pb_old_content":"","_et_gb_content_width":""},"_links":{"self":[{"href":"https:\/\/nuevaempresa.com.ar\/brighton\/wp-json\/wp\/v2\/pages\/279"}],"collection":[{"href":"https:\/\/nuevaempresa.com.ar\/brighton\/wp-json\/wp\/v2\/pages"}],"about":[{"href":"https:\/\/nuevaempresa.com.ar\/brighton\/wp-json\/wp\/v2\/types\/page"}],"author":[{"embeddable":true,"href":"https:\/\/nuevaempresa.com.ar\/brighton\/wp-json\/wp\/v2\/users\/1"}],"replies":[{"embeddable":true,"href":"https:\/\/nuevaempresa.com.ar\/brighton\/wp-json\/wp\/v2\/comments?post=279"}],"version-history":[{"count":19,"href":"https:\/\/nuevaempresa.com.ar\/brighton\/wp-json\/wp\/v2\/pages\/279\/revisions"}],"predecessor-version":[{"id":865,"href":"https:\/\/nuevaempresa.com.ar\/brighton\/wp-json\/wp\/v2\/pages\/279\/revisions\/865"}],"wp:attachment":[{"href":"https:\/\/nuevaempresa.com.ar\/brighton\/wp-json\/wp\/v2\/media?parent=279"}],"curies":[{"name":"wp","href":"https:\/\/api.w.org\/{rel}","templated":true}]}}