{"id":300,"date":"2022-03-07T14:28:31","date_gmt":"2022-03-07T14:28:31","guid":{"rendered":"https:\/\/nuevaempresa.com.ar\/brighton\/?page_id=300"},"modified":"2022-03-23T19:26:44","modified_gmt":"2022-03-23T19:26:44","slug":"ingles-para-viajeros","status":"publish","type":"page","link":"https:\/\/nuevaempresa.com.ar\/brighton\/ingles-para-viajeros\/","title":{"rendered":"Para Viajeros"},"content":{"rendered":"<p>[et_pb_section fb_built=&#8221;1&#8243; _builder_version=&#8221;4.5.3&#8243; background_enable_image=&#8221;off&#8221; custom_padding=&#8221;||46px|||&#8221; top_divider_style=&#8221;ramp2&#8243; top_divider_color=&#8221;#0c71c3&#8243; top_divider_height=&#8221;122px&#8221; hover_enabled=&#8221;0&#8243;][et_pb_row use_custom_gutter=&#8221;on&#8221; _builder_version=&#8221;4.2.2&#8243; width=&#8221;88%&#8221; max_width=&#8221;1266px&#8221; custom_margin=&#8221;-24px|auto||auto||&#8221;][et_pb_column type=&#8221;4_4&#8243; _builder_version=&#8221;4.2.2&#8243;][et_pb_text _builder_version=&#8221;4.5.3&#8243; text_font=&#8221;Baloo Bhai|700|||||||&#8221; text_text_color=&#8221;#ffffff&#8221; text_font_size=&#8221;30px&#8221; custom_margin=&#8221;-11px|||||&#8221; custom_margin_tablet=&#8221;&#8221; custom_margin_phone=&#8221;-22px||||false|false&#8221; custom_margin_last_edited=&#8221;on|phone&#8221; hover_enabled=&#8221;0&#8243; text_font_size_tablet=&#8221;&#8221; text_font_size_phone=&#8221;20px&#8221; text_font_size_last_edited=&#8221;on|phone&#8221;]<\/p>\n<p style=\"text-align: right;\">Ingl\u00e9s para Viajeros<\/p>\n<p>[\/et_pb_text][\/et_pb_column][\/et_pb_row][\/et_pb_section][et_pb_section fb_built=&#8221;1&#8243; _builder_version=&#8221;4.2.2&#8243; custom_padding=&#8221;0px||9px|||&#8221;][et_pb_row _builder_version=&#8221;4.2.2&#8243;][et_pb_column type=&#8221;4_4&#8243; _builder_version=&#8221;4.2.2&#8243;][et_pb_text _builder_version=&#8221;4.5.3&#8243; text_font=&#8221;Baloo Bhai|700|||||||&#8221; text_text_color=&#8221;#0c71c3&#8243; text_font_size=&#8221;35px&#8221; text_line_height=&#8221;1.5em&#8221; custom_margin=&#8221;12px|||||&#8221; hover_enabled=&#8221;0&#8243; text_font_size_tablet=&#8221;&#8221; text_font_size_phone=&#8221;25px&#8221; text_font_size_last_edited=&#8221;on|phone&#8221;]<\/p>\n<p>Prep\u00e1rate para tu pr\u00f3ximo viaje y convierte tu ingl\u00e9s en una herramienta indispensable para explorar el mundo!<\/p>\n<p>[\/et_pb_text][\/et_pb_column][\/et_pb_row][et_pb_row column_structure=&#8221;1_3,2_3&#8243; _builder_version=&#8221;4.5.3&#8243;][et_pb_column type=&#8221;1_3&#8243; _builder_version=&#8221;4.2.2&#8243;][et_pb_image src=&#8221;https:\/\/nuevaempresa.com.ar\/brighton\/wp-content\/uploads\/2022\/03\/notaslide2.jpg&#8221; title_text=&#8221;notaslide2&#8243; _builder_version=&#8221;4.5.3&#8243;][\/et_pb_image][\/et_pb_column][et_pb_column type=&#8221;2_3&#8243; _builder_version=&#8221;4.2.2&#8243;][et_pb_text _builder_version=&#8221;4.5.3&#8243; text_font=&#8221;||||||||&#8221; text_text_color=&#8221;#000000&#8243; text_font_size=&#8221;16px&#8221; text_line_height=&#8221;1.8em&#8221; custom_margin=&#8221;||7px|||&#8221;]<\/p>\n<p>El curso de ingl\u00e9s para viajeros te permitir\u00e1 prepararte satisfactoriamente para tu pr\u00f3ximo viaje. Aprender\u00e1s frases, vocabulario y expresiones frecuentes que te permitir\u00e1n comunicarte de forma efectiva en situaciones comunes de viaje como pedir un taxi, realizar el check-in en un hotel, pedir la cuenta en un restaurante, entre otras. Si est\u00e1s a punto de irte de vacaciones a un pa\u00eds anglo-parlante \u00a1este curso es para vos!<\/p>\n<p>[\/et_pb_text][\/et_pb_column][\/et_pb_row][et_pb_row _builder_version=&#8221;4.5.3&#8243; _module_preset=&#8221;default&#8221; custom_padding=&#8221;2px|||||&#8221;][et_pb_column type=&#8221;4_4&#8243; _builder_version=&#8221;4.5.3&#8243; _module_preset=&#8221;default&#8221;][et_pb_text _builder_version=&#8221;4.5.3&#8243; text_font=&#8221;||||||||&#8221; text_text_color=&#8221;#000000&#8243; text_font_size=&#8221;16px&#8221; text_line_height=&#8221;1.8em&#8221; custom_margin=&#8221;||7px|||&#8221;]<\/p>\n<p>Al finalizar cada uno de los niveles, nuestros alumnos logran:<\/p>\n<p>\u2022 Adquirir vocabulario y expresiones frecuentes relacionadas a situaciones comunes y reales de viaje.<\/p>\n<p>\u2022 Incrementar el conocimiento de estructuras gramaticales b\u00e1sicas necesarias para lograr una comunicaci\u00f3n flu\u00edda en una segunda lengua.<\/p>\n<p>\u2022 Desarrollar las competencias necesarias para participar de conversaciones, solicitar asistencia, informar sobre un problema o resolver cualquier tipo de malentendido en un aeropuerto, una excursi\u00f3n, un hotel, etc.<\/p>\n<p>\u2022 Adquirir confianza para utilizar el idioma de forma oral e interactuar en el extranjero con personas anglo-parlantes.<\/p>\n<p>[\/et_pb_text][\/et_pb_column][\/et_pb_row][et_pb_row _builder_version=&#8221;4.2.2&#8243;][et_pb_column type=&#8221;4_4&#8243; _builder_version=&#8221;4.2.2&#8243;][et_pb_divider color=&#8221;#0c71c3&#8243; divider_weight=&#8221;3px&#8221; _builder_version=&#8221;4.2.2&#8243;][\/et_pb_divider][\/et_pb_column][\/et_pb_row][\/et_pb_section][et_pb_section fb_built=&#8221;1&#8243; _builder_version=&#8221;4.2.2&#8243; custom_margin=&#8221;-46px|||||&#8221; custom_padding=&#8221;34px||102px|||&#8221;][et_pb_row _builder_version=&#8221;4.2.2&#8243; custom_margin=&#8221;-28px|auto||auto||&#8221;][et_pb_column type=&#8221;4_4&#8243; _builder_version=&#8221;4.2.2&#8243;][et_pb_text _builder_version=&#8221;4.5.3&#8243; text_font=&#8221;Baloo Bhai|700|||||||&#8221; text_text_color=&#8221;#5b8500&#8243; text_font_size=&#8221;30px&#8221; text_line_height=&#8221;1.2em&#8221; hover_enabled=&#8221;0&#8243; text_font_size_tablet=&#8221;&#8221; text_font_size_phone=&#8221;30px&#8221; text_font_size_last_edited=&#8221;on|phone&#8221;]<\/p>\n<p style=\"text-align: center;\">Comunicate por Whatsapp<br \/> +34 630 87 95 32\u00a0<img loading=\"lazy\" src=\"https:\/\/nuevaempresa.com.ar\/brighton\/wp-content\/uploads\/2022\/03\/ea-bri.png\" width=\"50\" height=\"38\" alt=\"\" class=\"wp-image-765 alignnone size-full\" srcset=\"https:\/\/nuevaempresa.com.ar\/brighton\/wp-content\/uploads\/2022\/03\/ea-bri.png 50w, https:\/\/nuevaempresa.com.ar\/brighton\/wp-content\/uploads\/2022\/03\/ea-bri-24x18.png 24w, https:\/\/nuevaempresa.com.ar\/brighton\/wp-content\/uploads\/2022\/03\/ea-bri-36x27.png 36w, https:\/\/nuevaempresa.com.ar\/brighton\/wp-content\/uploads\/2022\/03\/ea-bri-48x36.png 48w\" sizes=\"(max-width: 50px) 100vw, 50px\" \/><\/p>\n<p>[\/et_pb_text][\/et_pb_column][\/et_pb_row][\/et_pb_section]<\/p>\n","protected":false},"excerpt":{"rendered":"<p>[et_pb_section fb_built=&#8221;1&#8243; _builder_version=&#8221;4.5.3&#8243; background_enable_image=&#8221;off&#8221; custom_padding=&#8221;||46px|||&#8221; top_divider_style=&#8221;ramp2&#8243; top_divider_color=&#8221;#0c71c3&#8243; top_divider_height=&#8221;122px&#8221; hover_enabled=&#8221;0&#8243;][et_pb_row use_custom_gutter=&#8221;on&#8221; _builder_version=&#8221;4.2.2&#8243; width=&#8221;88%&#8221; max_width=&#8221;1266px&#8221; custom_margin=&#8221;-24px|auto||auto||&#8221;][et_pb_column type=&#8221;4_4&#8243; _builder_version=&#8221;4.2.2&#8243;][et_pb_text _builder_version=&#8221;4.5.3&#8243; text_font=&#8221;Baloo Bhai|700|||||||&#8221; text_text_color=&#8221;#ffffff&#8221; text_font_size=&#8221;30px&#8221; custom_margin=&#8221;-11px|||||&#8221; custom_margin_tablet=&#8221;&#8221; custom_margin_phone=&#8221;-22px||||false|false&#8221; custom_margin_last_edited=&#8221;on|phone&#8221; hover_enabled=&#8221;0&#8243; text_font_size_tablet=&#8221;&#8221; text_font_size_phone=&#8221;20px&#8221; text_font_size_last_edited=&#8221;on|phone&#8221;] Ingl\u00e9s para Viajeros [\/et_pb_text][\/et_pb_column][\/et_pb_row][\/et_pb_section][et_pb_section fb_built=&#8221;1&#8243; _builder_version=&#8221;4.2.2&#8243; custom_padding=&#8221;0px||9px|||&#8221;][et_pb_row _builder_version=&#8221;4.2.2&#8243;][et_pb_column type=&#8221;4_4&#8243; _builder_version=&#8221;4.2.2&#8243;][et_pb_text _builder_version=&#8221;4.5.3&#8243; text_font=&#8221;Baloo Bhai|700|||||||&#8221; text_text_color=&#8221;#0c71c3&#8243; text_font_size=&#8221;35px&#8221; text_line_height=&#8221;1.5em&#8221; custom_margin=&#8221;12px|||||&#8221; hover_enabled=&#8221;0&#8243; text_font_size_tablet=&#8221;&#8221; text_font_size_phone=&#8221;25px&#8221; text_font_size_last_edited=&#8221;on|phone&#8221;] Prep\u00e1rate para tu pr\u00f3ximo viaje [&hellip;]<\/p>\n","protected":false},"author":1,"featured_media":0,"parent":0,"menu_order":0,"comment_status":"closed","ping_status":"closed","template":"","meta":{"_et_pb_use_builder":"on","_et_pb_old_content":"","_et_gb_content_width":""},"_links":{"self":[{"href":"https:\/\/nuevaempresa.com.ar\/brighton\/wp-json\/wp\/v2\/pages\/300"}],"collection":[{"href":"https:\/\/nuevaempresa.com.ar\/brighton\/wp-json\/wp\/v2\/pages"}],"about":[{"href":"https:\/\/nuevaempresa.com.ar\/brighton\/wp-json\/wp\/v2\/types\/page"}],"author":[{"embeddable":true,"href":"https:\/\/nuevaempresa.com.ar\/brighton\/wp-json\/wp\/v2\/users\/1"}],"replies":[{"embeddable":true,"href":"https:\/\/nuevaempresa.com.ar\/brighton\/wp-json\/wp\/v2\/comments?post=300"}],"version-history":[{"count":13,"href":"https:\/\/nuevaempresa.com.ar\/brighton\/wp-json\/wp\/v2\/pages\/300\/revisions"}],"predecessor-version":[{"id":803,"href":"https:\/\/nuevaempresa.com.ar\/brighton\/wp-json\/wp\/v2\/pages\/300\/revisions\/803"}],"wp:attachment":[{"href":"https:\/\/nuevaempresa.com.ar\/brighton\/wp-json\/wp\/v2\/media?parent=300"}],"curies":[{"name":"wp","href":"https:\/\/api.w.org\/{rel}","templated":true}]}}