{"id":362,"date":"2022-03-07T16:52:56","date_gmt":"2022-03-07T16:52:56","guid":{"rendered":"https:\/\/nuevaempresa.com.ar\/brighton\/?page_id=362"},"modified":"2022-03-23T13:54:07","modified_gmt":"2022-03-23T13:54:07","slug":"8ejemplos-de-metaforas-que-no-conocias","status":"publish","type":"page","link":"https:\/\/nuevaempresa.com.ar\/brighton\/blog-de-notas\/8ejemplos-de-metaforas-que-no-conocias\/","title":{"rendered":"8 ejemplos de met\u00e1foras en ingl\u00e9s que no conoc\u00edas"},"content":{"rendered":"<p>[et_pb_section fb_built=&#8221;1&#8243; _builder_version=&#8221;4.5.3&#8243; background_enable_image=&#8221;off&#8221; custom_padding=&#8221;||46px|||&#8221; top_divider_style=&#8221;ramp2&#8243; top_divider_color=&#8221;#0c71c3&#8243; top_divider_height=&#8221;122px&#8221; hover_enabled=&#8221;0&#8243;][et_pb_row use_custom_gutter=&#8221;on&#8221; _builder_version=&#8221;4.2.2&#8243; width=&#8221;88%&#8221; max_width=&#8221;1266px&#8221; custom_margin=&#8221;-24px|auto||auto||&#8221;][et_pb_column type=&#8221;4_4&#8243; _builder_version=&#8221;4.2.2&#8243;][et_pb_text _builder_version=&#8221;4.5.3&#8243; text_font=&#8221;Baloo Bhai|700|||||||&#8221; text_text_color=&#8221;#ffffff&#8221; text_font_size=&#8221;30px&#8221; custom_margin=&#8221;-11px|||||&#8221; custom_margin_tablet=&#8221;&#8221; custom_margin_phone=&#8221;-22px||||false|false&#8221; custom_margin_last_edited=&#8221;on|phone&#8221; hover_enabled=&#8221;0&#8243; text_font_size_tablet=&#8221;&#8221; text_font_size_phone=&#8221;20px&#8221; text_font_size_last_edited=&#8221;on|phone&#8221;]<\/p>\n<p style=\"text-align: right;\">BLOG DE NOTAS<\/p>\n<p>[\/et_pb_text][\/et_pb_column][\/et_pb_row][\/et_pb_section][et_pb_section fb_built=&#8221;1&#8243; _builder_version=&#8221;4.2.2&#8243; custom_padding=&#8221;0px||83px|||&#8221;][et_pb_row use_custom_gutter=&#8221;on&#8221; _builder_version=&#8221;4.5.3&#8243; width=&#8221;91%&#8221; max_width=&#8221;1200px&#8221;][et_pb_column type=&#8221;4_4&#8243; _builder_version=&#8221;4.2.2&#8243;][et_pb_text _builder_version=&#8221;4.5.3&#8243; text_font=&#8221;Baloo Bhai|700|||||||&#8221; text_text_color=&#8221;#0c71c3&#8243; text_font_size=&#8221;35px&#8221; text_line_height=&#8221;1.5em&#8221; custom_margin=&#8221;12px|||||&#8221; hover_enabled=&#8221;0&#8243; text_font_size_tablet=&#8221;&#8221; text_font_size_phone=&#8221;25px&#8221; text_font_size_last_edited=&#8221;on|phone&#8221;]<\/p>\n<p>8 ejemplos de met\u00e1foras en ingl\u00e9s que no conoc\u00edas<\/p>\n<p>[\/et_pb_text][\/et_pb_column][\/et_pb_row][et_pb_row column_structure=&#8221;1_4,1_2,1_4&#8243; use_custom_gutter=&#8221;on&#8221; _builder_version=&#8221;4.5.3&#8243; width=&#8221;91%&#8221; max_width=&#8221;1200px&#8221; custom_margin=&#8221;|auto|9px|auto||&#8221; custom_padding=&#8221;||0px|||&#8221;][et_pb_column type=&#8221;1_4&#8243; _builder_version=&#8221;4.2.2&#8243;][et_pb_image src=&#8221;https:\/\/nuevaempresa.com.ar\/brighton\/wp-content\/uploads\/2022\/03\/BLOG-1.jpg&#8221; title_text=&#8221;BLOG-1&#8243; _builder_version=&#8221;4.5.3&#8243;][\/et_pb_image][\/et_pb_column][et_pb_column type=&#8221;1_2&#8243; _builder_version=&#8221;4.2.2&#8243;][et_pb_text _builder_version=&#8221;4.5.3&#8243; text_font=&#8221;||||||||&#8221; text_text_color=&#8221;#000000&#8243; text_font_size=&#8221;16px&#8221; text_line_height=&#8221;1.8em&#8221; custom_margin=&#8221;||-12px|||&#8221;]<\/p>\n<p>El ingl\u00e9s no es un idioma demasiado complicado, pero se necesita tiempo y determinaci\u00f3n para aprenderlo. Igual que deben aprenderse la gram\u00e1tica y el vocabulario, tambi\u00e9n es importante aprender la parte m\u00e1s po\u00e9tica del idioma, es decir, la poes\u00eda y las figuras ret\u00f3ricas, como las met\u00e1foras en ingl\u00e9s. En este post vamos a ver el uso de las met\u00e1foras en ingl\u00e9s, adem\u00e1s de varios ejemplos. Let\u2019s start!<\/p>\n<h3><strong>\u00bfQu\u00e9 es una met\u00e1fora?<\/strong><\/h3>\n<p><strong>La met\u00e1fora es una figura ret\u00f3rica parecida a la comparaci\u00f3n<\/strong>, salvo que la comparaci\u00f3n lleva un elemento comparativo y la met\u00e1fora no. La met\u00e1fora, en lugar de comparar dos o m\u00e1s elementos, sustituye un elemento por otro, dando a entender el significado del elemento original.\u00a0Por ejemplo, una met\u00e1fora es: the pearls in her mouth shone like the sun\u00a0 \u2013 Las perlas de su boca brillaban como el sol, mientras que una comparaci\u00f3n es: she is taller than him \u2013 Ella es m\u00e1s alta que \u00e9l.<\/p>\n<p><strong>La met\u00e1fora no debe sustituirse con la sinonimia<\/strong>, es decir, con sin\u00f3nimos, pues esta \u00faltima sustituye palabras por otras del mismo significado, o parecido.Las met\u00e1foras tambi\u00e9n pueden ser visuales o auditivas, no solo escritas. Un buen ejemplo de ello es la imagen de una bombilla en la cabeza, que significa que la persona de la imagen ha tenido una idea.<br \/> Por \u00faltimo, <strong>la met\u00e1fora sirve para embellecer y crear cierta musicalidad<\/strong> en el texto o verso\u00a0 elegido. Es una figura ret\u00f3rica muy utilizada, sobre todo en poes\u00eda, en textos literarios y en quotes y sayings (citas literarias y refranes).\u00a0Tambi\u00e9n es frecuente que se use la met\u00e1fora para sustituir, normalmente verbos, para expresarnos mejor.<\/p>\n<p><strong>Met\u00e1foras en ingl\u00e9s<\/strong><\/p>\n<p>Como hemos dicho, hay varias formas de usar la met\u00e1fora en ingl\u00e9s. Vamos a ver en detalle algunos ejemplos referentes a dos de las formas de usar la met\u00e1fora en ingl\u00e9s: de forma po\u00e9tica y de forma cotidiana.<\/p>\n<p>[\/et_pb_text][et_pb_text _builder_version=&#8221;4.5.3&#8243; text_font=&#8221;||||||||&#8221; text_text_color=&#8221;#000000&#8243; text_font_size=&#8221;16px&#8221; text_line_height=&#8221;1.8em&#8221; custom_margin=&#8221;||21px|||&#8221; custom_padding=&#8221;24px|||||&#8221;]<\/p>\n<p>\u00a0<strong>Met\u00e1foras po\u00e9ticas<\/strong><\/p>\n<p>\u2022 Let us be grateful to people who make us happy, they are charming gardeners who make our souls blossom \u2013 Perm\u00edtenos ser agradecidos a la gente que nos hace felices, ellos son encantadores jardineros que hacen florecer nuestras almas.<br \/> \u2022 Time is a thief \u2013 El tiempo es un ladr\u00f3n.<br \/> \u2022 You are the sunshine of my life \u2013 Eres el sol de mi vida.<\/p>\n<p><strong>Met\u00e1foras cotidianas<\/strong><\/p>\n<p>\u2022 I hope these roses help you cushion your loss \u2013 Espero que estas rosas amortiguen tu p\u00e9rdida.<br \/> \u2022 Seeing her on live fired my enthusiasm \u2013 Vi\u00e9ndola en vivo encendi\u00f3 mi entusiasmo.<br \/> \u2022 He just froze when he saw his lawyer \u2013 Se qued\u00f3 parado cuando vio a su abogado.<br \/> \u2022 He\u2019s always trumpeting his awards to other people \u2013 Siempre est\u00e1 pregonando sus premios a otras personas.<br \/> \u2022 Shoot, what do you want to tell me? \u2013 Dispara, \u00bfqu\u00e9 quieres decirme?<\/p>\n<p><strong>Para completar este post sobre las met\u00e1foras en ingl\u00e9s<\/strong> es importante recordar que una met\u00e1fora puede ser interpretada de muchas maneras y que no hay una respuesta err\u00f3nea o una correcta. Seguramente en cada caso, incluso en aquellas situaciones en las que no se expresa expl\u00edcitamente que haya una met\u00e1fora, hay una met\u00e1fora con miles de explicaciones posibles.<\/p>\n<p>[\/et_pb_text][et_pb_image src=&#8221;https:\/\/nuevaempresa.com.ar\/brighton\/wp-content\/uploads\/2022\/03\/lista.jpg&#8221; title_text=&#8221;lista&#8221; url=&#8221;https:\/\/nuevaempresa.com.ar\/brighton\/e-book\/gracias-por-descargar\/&#8221; _builder_version=&#8221;4.5.3&#8243; _module_preset=&#8221;default&#8221;][\/et_pb_image][\/et_pb_column][et_pb_column type=&#8221;1_4&#8243; _builder_version=&#8221;4.5.3&#8243; custom_padding=&#8221;10px|10px|10px|10px|false|false&#8221; border_radii=&#8221;on|8px|8px|8px|8px&#8221; box_shadow_style=&#8221;preset1&#8243;][et_pb_text _builder_version=&#8221;4.5.3&#8243; _module_preset=&#8221;default&#8221; text_font=&#8221;Baloo Bhai||||||||&#8221; text_text_color=&#8221;#0c71c3&#8243; text_font_size=&#8221;26px&#8221; text_line_height=&#8221;1.2em&#8221; text_orientation=&#8221;center&#8221;]Aprende a enfrentarte a un proceso de selecci\u00f3n en ingl\u00e9s[\/et_pb_text][et_pb_image src=&#8221;https:\/\/nuevaempresa.com.ar\/brighton\/wp-content\/uploads\/2022\/03\/libro.jpg&#8221; title_text=&#8221;libro&#8221; align=&#8221;center&#8221; _builder_version=&#8221;4.5.3&#8243; _module_preset=&#8221;default&#8221; custom_margin=&#8221;-20px|||||&#8221;][\/et_pb_image][et_pb_contact_form email=&#8221;cfdare@yahoo.com.ar&#8221; title=&#8221;Descargalo ahora llenado este formulario&#8221; use_redirect=&#8221;on&#8221; redirect_url=&#8221;https:\/\/nuevaempresa.com.ar\/brighton\/e-book\/gracias-por-descargar\/&#8221; submit_button_text=&#8221;Descargar la Gu\u00eda&#8221; _builder_version=&#8221;4.5.3&#8243; _module_preset=&#8221;default&#8221; form_field_text_color=&#8221;#000000&#8243; form_field_custom_margin=&#8221;||15px||false|false&#8221; form_field_custom_padding=&#8221;||||false|false&#8221; title_font=&#8221;Baloo Bhai||||||||&#8221; title_text_align=&#8221;center&#8221; title_font_size=&#8221;26px&#8221; title_line_height=&#8221;1.2em&#8221; captcha_text_color=&#8221;#000000&#8243; captcha_font_size=&#8221;12px&#8221; custom_button=&#8221;on&#8221; button_text_size=&#8221;14px&#8221; button_text_color=&#8221;#ffffff&#8221; button_bg_color=&#8221;#e09900&#8243; button_font=&#8221;|600|||||||&#8221; button_custom_padding=&#8221;1px|6px|1px|6px|false|false&#8221; text_orientation=&#8221;left&#8221; custom_margin=&#8221;||||false|false&#8221; custom_padding=&#8221;||||false|false&#8221;][et_pb_contact_field field_id=&#8221;Nombre&#8221; field_title=&#8221;Nombre&#8221; fullwidth_field=&#8221;on&#8221; _builder_version=&#8221;4.5.3&#8243; _module_preset=&#8221;default&#8221;][\/et_pb_contact_field][et_pb_contact_field field_id=&#8221;Whatsapp&#8221; field_title=&#8221;Whatsapp&#8221; fullwidth_field=&#8221;on&#8221; _builder_version=&#8221;4.5.3&#8243; _module_preset=&#8221;default&#8221;][\/et_pb_contact_field][et_pb_contact_field field_id=&#8221;Email_2&#8243; field_title=&#8221;E-mail&#8221; fullwidth_field=&#8221;on&#8221; _builder_version=&#8221;4.5.3&#8243; form_field_text_align=&#8221;left&#8221; text_orientation=&#8221;center&#8221; button_text_size__hover_enabled=&#8221;off&#8221; button_one_text_size__hover_enabled=&#8221;off&#8221; button_two_text_size__hover_enabled=&#8221;off&#8221; button_text_color__hover_enabled=&#8221;off&#8221; button_one_text_color__hover_enabled=&#8221;off&#8221; button_two_text_color__hover_enabled=&#8221;off&#8221; button_border_width__hover_enabled=&#8221;off&#8221; button_one_border_width__hover_enabled=&#8221;off&#8221; button_two_border_width__hover_enabled=&#8221;off&#8221; button_border_color__hover_enabled=&#8221;off&#8221; button_one_border_color__hover_enabled=&#8221;off&#8221; button_two_border_color__hover_enabled=&#8221;off&#8221; button_border_radius__hover_enabled=&#8221;off&#8221; button_one_border_radius__hover_enabled=&#8221;off&#8221; button_two_border_radius__hover_enabled=&#8221;off&#8221; button_letter_spacing__hover_enabled=&#8221;off&#8221; button_one_letter_spacing__hover_enabled=&#8221;off&#8221; button_two_letter_spacing__hover_enabled=&#8221;off&#8221; button_bg_color__hover_enabled=&#8221;off&#8221; button_one_bg_color__hover_enabled=&#8221;off&#8221; button_two_bg_color__hover_enabled=&#8221;off&#8221;][\/et_pb_contact_field][et_pb_contact_field field_id=&#8221;nivel&#8221; field_title=&#8221;\u00bfC\u00f3mo definir\u00edas tu nivel de ingl\u00e9s?&#8221; field_type=&#8221;select&#8221; select_options=&#8221;%91{%22value%22:%22Principiante%22,%22checked%22:0,%22dragID%22:-1},{%22value%22:%22B\u00e1sico%22,%22checked%22:0,%22dragID%22:0},{%22value%22:%22Intermedio%22,%22checked%22:0,%22dragID%22:1},{%22value%22:%22Avanzado%22,%22checked%22:0,%22dragID%22:2},{%22value%22:%22Experto%22,%22checked%22:0,%22dragID%22:3}%93&#8243; fullwidth_field=&#8221;on&#8221; _builder_version=&#8221;4.5.3&#8243; _module_preset=&#8221;default&#8221;][\/et_pb_contact_field][et_pb_contact_field field_id=&#8221;motivacion&#8221; field_title=&#8221;Motivaci\u00f3n por el ingl\u00e9s&#8221; field_type=&#8221;select&#8221; select_options=&#8221;%91{%22value%22:%22Afrontar mejor situaciones de mi d\u00eda a d\u00eda profesional%22,%22checked%22:0,%22dragID%22:-1},{%22value%22:%22Prepararme para mejores oportunidades laborales%22,%22checked%22:0,%22dragID%22:0},{%22value%22:%22Inter\u00e9s no profesional%22,%22checked%22:0,%22dragID%22:1}%93&#8243; fullwidth_field=&#8221;on&#8221; _builder_version=&#8221;4.5.3&#8243; _module_preset=&#8221;default&#8221;][\/et_pb_contact_field][\/et_pb_contact_form][\/et_pb_column][\/et_pb_row][\/et_pb_section]<\/p>\n","protected":false},"excerpt":{"rendered":"<p>[et_pb_section fb_built=&#8221;1&#8243; _builder_version=&#8221;4.5.3&#8243; background_enable_image=&#8221;off&#8221; custom_padding=&#8221;||46px|||&#8221; top_divider_style=&#8221;ramp2&#8243; top_divider_color=&#8221;#0c71c3&#8243; top_divider_height=&#8221;122px&#8221; hover_enabled=&#8221;0&#8243;][et_pb_row use_custom_gutter=&#8221;on&#8221; _builder_version=&#8221;4.2.2&#8243; width=&#8221;88%&#8221; max_width=&#8221;1266px&#8221; custom_margin=&#8221;-24px|auto||auto||&#8221;][et_pb_column type=&#8221;4_4&#8243; _builder_version=&#8221;4.2.2&#8243;][et_pb_text _builder_version=&#8221;4.5.3&#8243; text_font=&#8221;Baloo Bhai|700|||||||&#8221; text_text_color=&#8221;#ffffff&#8221; text_font_size=&#8221;30px&#8221; custom_margin=&#8221;-11px|||||&#8221; custom_margin_tablet=&#8221;&#8221; custom_margin_phone=&#8221;-22px||||false|false&#8221; custom_margin_last_edited=&#8221;on|phone&#8221; hover_enabled=&#8221;0&#8243; text_font_size_tablet=&#8221;&#8221; text_font_size_phone=&#8221;20px&#8221; text_font_size_last_edited=&#8221;on|phone&#8221;] BLOG DE NOTAS [\/et_pb_text][\/et_pb_column][\/et_pb_row][\/et_pb_section][et_pb_section fb_built=&#8221;1&#8243; _builder_version=&#8221;4.2.2&#8243; custom_padding=&#8221;0px||83px|||&#8221;][et_pb_row use_custom_gutter=&#8221;on&#8221; _builder_version=&#8221;4.5.3&#8243; width=&#8221;91%&#8221; max_width=&#8221;1200px&#8221;][et_pb_column type=&#8221;4_4&#8243; _builder_version=&#8221;4.2.2&#8243;][et_pb_text _builder_version=&#8221;4.5.3&#8243; text_font=&#8221;Baloo Bhai|700|||||||&#8221; text_text_color=&#8221;#0c71c3&#8243; text_font_size=&#8221;35px&#8221; text_line_height=&#8221;1.5em&#8221; custom_margin=&#8221;12px|||||&#8221; hover_enabled=&#8221;0&#8243; text_font_size_tablet=&#8221;&#8221; text_font_size_phone=&#8221;25px&#8221; text_font_size_last_edited=&#8221;on|phone&#8221;] 8 ejemplos [&hellip;]<\/p>\n","protected":false},"author":1,"featured_media":0,"parent":357,"menu_order":0,"comment_status":"closed","ping_status":"closed","template":"","meta":{"_et_pb_use_builder":"on","_et_pb_old_content":"","_et_gb_content_width":""},"_links":{"self":[{"href":"https:\/\/nuevaempresa.com.ar\/brighton\/wp-json\/wp\/v2\/pages\/362"}],"collection":[{"href":"https:\/\/nuevaempresa.com.ar\/brighton\/wp-json\/wp\/v2\/pages"}],"about":[{"href":"https:\/\/nuevaempresa.com.ar\/brighton\/wp-json\/wp\/v2\/types\/page"}],"author":[{"embeddable":true,"href":"https:\/\/nuevaempresa.com.ar\/brighton\/wp-json\/wp\/v2\/users\/1"}],"replies":[{"embeddable":true,"href":"https:\/\/nuevaempresa.com.ar\/brighton\/wp-json\/wp\/v2\/comments?post=362"}],"version-history":[{"count":21,"href":"https:\/\/nuevaempresa.com.ar\/brighton\/wp-json\/wp\/v2\/pages\/362\/revisions"}],"predecessor-version":[{"id":773,"href":"https:\/\/nuevaempresa.com.ar\/brighton\/wp-json\/wp\/v2\/pages\/362\/revisions\/773"}],"up":[{"embeddable":true,"href":"https:\/\/nuevaempresa.com.ar\/brighton\/wp-json\/wp\/v2\/pages\/357"}],"wp:attachment":[{"href":"https:\/\/nuevaempresa.com.ar\/brighton\/wp-json\/wp\/v2\/media?parent=362"}],"curies":[{"name":"wp","href":"https:\/\/api.w.org\/{rel}","templated":true}]}}