{"id":543,"date":"2022-03-15T14:18:33","date_gmt":"2022-03-15T14:18:33","guid":{"rendered":"http:\/\/nuevaempresa.com.ar\/brighton\/?page_id=543"},"modified":"2022-03-29T17:17:02","modified_gmt":"2022-03-29T17:17:02","slug":"8-phrasal-verbs-con-give-con-ejemplos","status":"publish","type":"page","link":"https:\/\/nuevaempresa.com.ar\/brighton\/blog-de-notas\/8-phrasal-verbs-con-give-con-ejemplos\/","title":{"rendered":"8 phrasal verbs con give con ejemplos"},"content":{"rendered":"<p>[et_pb_section fb_built=&#8221;1&#8243; _builder_version=&#8221;4.5.3&#8243; background_enable_image=&#8221;off&#8221; custom_padding=&#8221;||46px|||&#8221; top_divider_style=&#8221;ramp2&#8243; top_divider_color=&#8221;#0d4159&#8243; top_divider_height=&#8221;122px&#8221; hover_enabled=&#8221;0&#8243;][et_pb_row use_custom_gutter=&#8221;on&#8221; _builder_version=&#8221;4.2.2&#8243; width=&#8221;88%&#8221; max_width=&#8221;1266px&#8221; custom_margin=&#8221;-24px|auto||auto||&#8221;][et_pb_column type=&#8221;4_4&#8243; _builder_version=&#8221;4.2.2&#8243;][et_pb_text _builder_version=&#8221;4.5.3&#8243; text_font=&#8221;runboy|700|||||||&#8221; text_text_color=&#8221;#ffffff&#8221; text_font_size=&#8221;30px&#8221; custom_margin=&#8221;-11px|||||&#8221; custom_margin_tablet=&#8221;&#8221; custom_margin_phone=&#8221;-22px||||false|false&#8221; custom_margin_last_edited=&#8221;on|phone&#8221; hover_enabled=&#8221;0&#8243; text_font_size_tablet=&#8221;&#8221; text_font_size_phone=&#8221;20px&#8221; text_font_size_last_edited=&#8221;on|phone&#8221;]<\/p>\n<p style=\"text-align: right;\">BLOG DE NOTAS<\/p>\n<p>[\/et_pb_text][\/et_pb_column][\/et_pb_row][\/et_pb_section][et_pb_section fb_built=&#8221;1&#8243; _builder_version=&#8221;4.2.2&#8243; custom_padding=&#8221;0px||9px|||&#8221;][et_pb_row use_custom_gutter=&#8221;on&#8221; _builder_version=&#8221;4.5.3&#8243; width=&#8221;91%&#8221; max_width=&#8221;1200px&#8221;][et_pb_column type=&#8221;4_4&#8243; _builder_version=&#8221;4.2.2&#8243;][et_pb_text _builder_version=&#8221;4.5.3&#8243; text_font=&#8221;runboy|700|||||||&#8221; text_text_color=&#8221;#0d4159&#8243; text_font_size=&#8221;35px&#8221; text_line_height=&#8221;1.5em&#8221; custom_margin=&#8221;12px|||||&#8221; hover_enabled=&#8221;0&#8243; text_font_size_tablet=&#8221;&#8221; text_font_size_phone=&#8221;25px&#8221; text_font_size_last_edited=&#8221;on|phone&#8221;]<\/p>\n<p>8 phrasal verbs con give con ejemplos<\/p>\n<p>[\/et_pb_text][\/et_pb_column][\/et_pb_row][et_pb_row column_structure=&#8221;2_3,1_3&#8243; use_custom_gutter=&#8221;on&#8221; _builder_version=&#8221;4.5.3&#8243; width=&#8221;91%&#8221; max_width=&#8221;1200px&#8221; custom_margin=&#8221;|auto|41px|auto||&#8221;][et_pb_column type=&#8221;2_3&#8243; _builder_version=&#8221;4.2.2&#8243;][et_pb_text _builder_version=&#8221;4.5.3&#8243; text_font=&#8221;||||||||&#8221; text_text_color=&#8221;#000000&#8243; text_font_size=&#8221;16px&#8221; text_line_height=&#8221;1.8em&#8221; custom_margin=&#8221;||29px|||&#8221;]<\/p>\n<p>Si has estudiado ingl\u00e9s en el colegio, seguro que los phrasal verbs te suenan. Estos verbos con part\u00edcula son imprescindibles para dominar el ingl\u00e9s del d\u00eda a d\u00eda, pero tambi\u00e9n son uno de los aspectos que m\u00e1s se nos resisten a los hispanohablantes. La soluci\u00f3n: don\u2019t panic and practice!<\/p>\n<p>Si has estudiado ingl\u00e9s en el colegio, seguro que los phrasal verbs te suenan. Estos verbos con part\u00edcula son imprescindibles para dominar el ingl\u00e9s del d\u00eda a d\u00eda, pero tambi\u00e9n son uno de los aspectos que m\u00e1s se nos resisten a los hispanohablantes. La soluci\u00f3n: don\u2019t panic and practice!<\/p>\n<p>Si quieres ir integrando los phrasal verbs en tu ingl\u00e9s, uno de los mejores recursos es verlos en contexto. Por eso, hoy te dejamos 8 phrasal verbs con give y varios ejemplos de c\u00f3mo usar cada uno.<\/p>\n<p><strong>1. Give away<\/strong><\/p>\n<p>Significado: donar, dar algo sin esperar nada a cambio.<\/p>\n<p>Ejemplos:<br \/> \u2022 I gave away all my kid\u2019s clothes to charity since I had no use for them anymore<br \/> .\u2022 Madrid\u2019s City Council will give away hundreds of meals to feed the homeless this Christmas.<br \/> \u2022 I won\u2019t give away any of my books \u2013they take up a lot of space, but I\u2019m very attached to them.<\/p>\n<p>Este misma phrasal verb \u00abgive away\u00bb tiene otros significados: puede significar desvelar un secreto o arruinar un plan sin querer.<\/p>\n<p>Ejemplos:<br \/> \u2022 The birthday party was supposed to be a surprise for Mary, but her sister gave it away.<br \/> \u2022 I promise I won\u2019t give away your secret!Y tambi\u00e9n se utiliza cuando una persona delata a otra persona.<\/p>\n<p>Ejemplo:<br \/> \u2022 The murderer was given away to the police by his own wife.<\/p>\n<p><strong>2. Give back<\/strong><\/p>\n<p>Significado: devolver algo que te hab\u00edan prestado o, en un sentido amplio, hacer bien a la comunidad.<br \/> \u2022 She gave him back the money he had lent her.<br \/> \u2022 Marco hasn\u2019t given me back my favourite jacket \u2013I\u2019m so annoyed!<br \/> \u2022 Volunteer work is a good opportunity to give back.\u00a0<\/p>\n<p><strong>3. Give<\/strong><\/p>\n<p>inSignificado: ceder.<\/p>\n<p>Ejemplos:<br \/> \u2022 If you keep insisting, I\u2019m sure your father will eventually give in and do what you want him to.<br \/> \u2022 I was on a diet, but I gave in last Saturday \u2013the pizza just looked so delicious!\u00a0<\/p>\n<p><strong>4. Give off<\/strong><\/p>\n<p>Significado: emitir.<\/p>\n<p>Ejemplos:<br \/> \u2022 For some reason, I don\u2019t trust him \u2013 I think he gives off bad vibes.<br \/> \u2022 Roses give off a great smell. I love to have them in my house!<br \/> \u2022 You should keep an eye on your van \u2013it gives off way too many fumes.\u00a05. Give outSignificado: distribuir, repartir.<\/p>\n<p>Ejemplos:<br \/> \u2022 I used to work giving out flyers to passers-by. It was the most boring job ever!<br \/> \u2022 If you take an official English exam, they will give out the results a month after.<br \/> \u2022 I got this perfume sample at the mall: they were giving them out for free.<\/p>\n<p><strong>6. Give over to<\/strong><br \/> Significado: dedicarse a algo.<\/p>\n<p>Ejemplos:<br \/> \u2022 After the breakup, I gave myself over to my music \u2013it was so healing for me!<br \/> \u2022 For ten years straight, I gave myself over to my career. Then, I reconsidered my priorities.<\/p>\n<p><strong>7. Give up<\/strong><\/p>\n<p>Significado: rendirse, dejar un h\u00e1bito perjudicial.Ejemplos:<br \/> \u2022 It took me six years of trying on and off, but I finally managed to give up smoking for good.<br \/> \u2022 She can be a difficult kid sometimes, but don\u2019t give up on her just yet \u2013she has a lot to offer.<br \/> \u2022 Since my father was told he had diabetes, I have given up sugar.<\/p>\n<p>[\/et_pb_text][et_pb_image src=&#8221;https:\/\/nuevaempresa.com.ar\/brighton\/wp-content\/uploads\/2022\/03\/lista.jpg&#8221; title_text=&#8221;lista&#8221; url=&#8221;https:\/\/nuevaempresa.com.ar\/brighton\/e-book\/gracias-por-descargar\/&#8221; _builder_version=&#8221;4.5.3&#8243; _module_preset=&#8221;default&#8221;][\/et_pb_image][\/et_pb_column][et_pb_column type=&#8221;1_3&#8243; _builder_version=&#8221;4.5.3&#8243; custom_padding=&#8221;10px|10px|10px|10px|false|false&#8221; border_radii=&#8221;on|8px|8px|8px|8px&#8221; box_shadow_style=&#8221;preset1&#8243;][et_pb_text _builder_version=&#8221;4.5.3&#8243; _module_preset=&#8221;default&#8221; text_font=&#8221;Baloo Bhai||||||||&#8221; text_text_color=&#8221;#0d4159&#8243; text_font_size=&#8221;26px&#8221; text_line_height=&#8221;1.2em&#8221; text_orientation=&#8221;center&#8221; hover_enabled=&#8221;0&#8243;]Aprende a enfrentarte a un proceso de selecci\u00f3n en ingl\u00e9s[\/et_pb_text][et_pb_image src=&#8221;https:\/\/nuevaempresa.com.ar\/brighton\/wp-content\/uploads\/2022\/03\/escudoc.png&#8221; title_text=&#8221;escudoc&#8221; align=&#8221;center&#8221; _builder_version=&#8221;4.5.3&#8243; _module_preset=&#8221;default&#8221; custom_margin=&#8221;-20px|||||&#8221; hover_enabled=&#8221;0&#8243;][\/et_pb_image][et_pb_contact_form email=&#8221;cfdare@yahoo.com.ar&#8221; title=&#8221;Descargalo ahora llenado este formulario&#8221; use_redirect=&#8221;on&#8221; redirect_url=&#8221;https:\/\/nuevaempresa.com.ar\/brighton\/e-book\/gracias-por-descargar\/&#8221; submit_button_text=&#8221;Descargar la Gu\u00eda&#8221; _builder_version=&#8221;4.5.3&#8243; _module_preset=&#8221;default&#8221; form_field_text_color=&#8221;#000000&#8243; form_field_custom_margin=&#8221;||15px||false|false&#8221; form_field_custom_padding=&#8221;||||false|false&#8221; title_font=&#8221;Baloo Bhai||||||||&#8221; title_text_align=&#8221;center&#8221; title_font_size=&#8221;26px&#8221; title_line_height=&#8221;1.2em&#8221; captcha_text_color=&#8221;#000000&#8243; captcha_font_size=&#8221;12px&#8221; custom_button=&#8221;on&#8221; button_text_size=&#8221;14px&#8221; button_text_color=&#8221;#ffffff&#8221; button_bg_color=&#8221;#e09900&#8243; button_font=&#8221;|600|||||||&#8221; button_custom_padding=&#8221;1px|6px|1px|6px|false|false&#8221; text_orientation=&#8221;left&#8221; custom_margin=&#8221;||||false|false&#8221; custom_padding=&#8221;||||false|false&#8221;][et_pb_contact_field field_id=&#8221;Nombre&#8221; field_title=&#8221;Nombre&#8221; fullwidth_field=&#8221;on&#8221; _builder_version=&#8221;4.5.3&#8243; _module_preset=&#8221;default&#8221;][\/et_pb_contact_field][et_pb_contact_field field_id=&#8221;Whatsapp&#8221; field_title=&#8221;Whatsapp&#8221; fullwidth_field=&#8221;on&#8221; _builder_version=&#8221;4.5.3&#8243; _module_preset=&#8221;default&#8221;][\/et_pb_contact_field][et_pb_contact_field field_id=&#8221;Email_2&#8243; field_title=&#8221;E-mail&#8221; fullwidth_field=&#8221;on&#8221; _builder_version=&#8221;4.5.3&#8243; form_field_text_align=&#8221;left&#8221; text_orientation=&#8221;center&#8221; button_text_size__hover_enabled=&#8221;off&#8221; button_one_text_size__hover_enabled=&#8221;off&#8221; button_two_text_size__hover_enabled=&#8221;off&#8221; button_text_color__hover_enabled=&#8221;off&#8221; button_one_text_color__hover_enabled=&#8221;off&#8221; button_two_text_color__hover_enabled=&#8221;off&#8221; button_border_width__hover_enabled=&#8221;off&#8221; button_one_border_width__hover_enabled=&#8221;off&#8221; button_two_border_width__hover_enabled=&#8221;off&#8221; button_border_color__hover_enabled=&#8221;off&#8221; button_one_border_color__hover_enabled=&#8221;off&#8221; button_two_border_color__hover_enabled=&#8221;off&#8221; button_border_radius__hover_enabled=&#8221;off&#8221; button_one_border_radius__hover_enabled=&#8221;off&#8221; button_two_border_radius__hover_enabled=&#8221;off&#8221; button_letter_spacing__hover_enabled=&#8221;off&#8221; button_one_letter_spacing__hover_enabled=&#8221;off&#8221; button_two_letter_spacing__hover_enabled=&#8221;off&#8221; button_bg_color__hover_enabled=&#8221;off&#8221; button_one_bg_color__hover_enabled=&#8221;off&#8221; button_two_bg_color__hover_enabled=&#8221;off&#8221;][\/et_pb_contact_field][et_pb_contact_field field_id=&#8221;nivel&#8221; field_title=&#8221;\u00bfC\u00f3mo definir\u00edas tu nivel de ingl\u00e9s?&#8221; field_type=&#8221;select&#8221; select_options=&#8221;%91{%22value%22:%22Principiante%22,%22checked%22:0,%22dragID%22:-1},{%22value%22:%22B\u00e1sico%22,%22checked%22:0,%22dragID%22:0},{%22value%22:%22Intermedio%22,%22checked%22:0,%22dragID%22:1},{%22value%22:%22Avanzado%22,%22checked%22:0,%22dragID%22:2},{%22value%22:%22Experto%22,%22checked%22:0,%22dragID%22:3}%93&#8243; fullwidth_field=&#8221;on&#8221; _builder_version=&#8221;4.5.3&#8243; _module_preset=&#8221;default&#8221;][\/et_pb_contact_field][et_pb_contact_field field_id=&#8221;motivacion&#8221; field_title=&#8221;Motivaci\u00f3n por el ingl\u00e9s&#8221; field_type=&#8221;select&#8221; select_options=&#8221;%91{%22value%22:%22Afrontar mejor situaciones de mi d\u00eda a d\u00eda profesional%22,%22checked%22:0,%22dragID%22:-1},{%22value%22:%22Prepararme para mejores oportunidades laborales%22,%22checked%22:0,%22dragID%22:0},{%22value%22:%22Inter\u00e9s no profesional%22,%22checked%22:0,%22dragID%22:1}%93&#8243; fullwidth_field=&#8221;on&#8221; _builder_version=&#8221;4.5.3&#8243; _module_preset=&#8221;default&#8221;][\/et_pb_contact_field][\/et_pb_contact_form][\/et_pb_column][\/et_pb_row][\/et_pb_section]<\/p>\n","protected":false},"excerpt":{"rendered":"<p>[et_pb_section fb_built=&#8221;1&#8243; _builder_version=&#8221;4.5.3&#8243; background_enable_image=&#8221;off&#8221; custom_padding=&#8221;||46px|||&#8221; top_divider_style=&#8221;ramp2&#8243; top_divider_color=&#8221;#0d4159&#8243; top_divider_height=&#8221;122px&#8221; hover_enabled=&#8221;0&#8243;][et_pb_row use_custom_gutter=&#8221;on&#8221; _builder_version=&#8221;4.2.2&#8243; width=&#8221;88%&#8221; max_width=&#8221;1266px&#8221; custom_margin=&#8221;-24px|auto||auto||&#8221;][et_pb_column type=&#8221;4_4&#8243; _builder_version=&#8221;4.2.2&#8243;][et_pb_text _builder_version=&#8221;4.5.3&#8243; text_font=&#8221;runboy|700|||||||&#8221; text_text_color=&#8221;#ffffff&#8221; text_font_size=&#8221;30px&#8221; custom_margin=&#8221;-11px|||||&#8221; custom_margin_tablet=&#8221;&#8221; custom_margin_phone=&#8221;-22px||||false|false&#8221; custom_margin_last_edited=&#8221;on|phone&#8221; hover_enabled=&#8221;0&#8243; text_font_size_tablet=&#8221;&#8221; text_font_size_phone=&#8221;20px&#8221; text_font_size_last_edited=&#8221;on|phone&#8221;] BLOG DE NOTAS [\/et_pb_text][\/et_pb_column][\/et_pb_row][\/et_pb_section][et_pb_section fb_built=&#8221;1&#8243; _builder_version=&#8221;4.2.2&#8243; custom_padding=&#8221;0px||9px|||&#8221;][et_pb_row use_custom_gutter=&#8221;on&#8221; _builder_version=&#8221;4.5.3&#8243; width=&#8221;91%&#8221; max_width=&#8221;1200px&#8221;][et_pb_column type=&#8221;4_4&#8243; _builder_version=&#8221;4.2.2&#8243;][et_pb_text _builder_version=&#8221;4.5.3&#8243; text_font=&#8221;runboy|700|||||||&#8221; text_text_color=&#8221;#0d4159&#8243; text_font_size=&#8221;35px&#8221; text_line_height=&#8221;1.5em&#8221; custom_margin=&#8221;12px|||||&#8221; hover_enabled=&#8221;0&#8243; text_font_size_tablet=&#8221;&#8221; text_font_size_phone=&#8221;25px&#8221; text_font_size_last_edited=&#8221;on|phone&#8221;] 8 phrasal verbs con [&hellip;]<\/p>\n","protected":false},"author":1,"featured_media":0,"parent":357,"menu_order":0,"comment_status":"closed","ping_status":"closed","template":"","meta":{"_et_pb_use_builder":"on","_et_pb_old_content":"","_et_gb_content_width":""},"_links":{"self":[{"href":"https:\/\/nuevaempresa.com.ar\/brighton\/wp-json\/wp\/v2\/pages\/543"}],"collection":[{"href":"https:\/\/nuevaempresa.com.ar\/brighton\/wp-json\/wp\/v2\/pages"}],"about":[{"href":"https:\/\/nuevaempresa.com.ar\/brighton\/wp-json\/wp\/v2\/types\/page"}],"author":[{"embeddable":true,"href":"https:\/\/nuevaempresa.com.ar\/brighton\/wp-json\/wp\/v2\/users\/1"}],"replies":[{"embeddable":true,"href":"https:\/\/nuevaempresa.com.ar\/brighton\/wp-json\/wp\/v2\/comments?post=543"}],"version-history":[{"count":13,"href":"https:\/\/nuevaempresa.com.ar\/brighton\/wp-json\/wp\/v2\/pages\/543\/revisions"}],"predecessor-version":[{"id":849,"href":"https:\/\/nuevaempresa.com.ar\/brighton\/wp-json\/wp\/v2\/pages\/543\/revisions\/849"}],"up":[{"embeddable":true,"href":"https:\/\/nuevaempresa.com.ar\/brighton\/wp-json\/wp\/v2\/pages\/357"}],"wp:attachment":[{"href":"https:\/\/nuevaempresa.com.ar\/brighton\/wp-json\/wp\/v2\/media?parent=543"}],"curies":[{"name":"wp","href":"https:\/\/api.w.org\/{rel}","templated":true}]}}