{"id":734,"date":"2022-03-21T13:32:18","date_gmt":"2022-03-21T13:32:18","guid":{"rendered":"https:\/\/nuevaempresa.com.ar\/brighton\/?page_id=734"},"modified":"2022-03-31T14:28:24","modified_gmt":"2022-03-31T14:28:24","slug":"gracias-por-descargar","status":"publish","type":"page","link":"https:\/\/nuevaempresa.com.ar\/brighton\/e-book\/gracias-por-descargar\/","title":{"rendered":"Gracias por descargar"},"content":{"rendered":"<p>[et_pb_section fb_built=&#8221;1&#8243; _builder_version=&#8221;4.5.3&#8243; background_enable_image=&#8221;off&#8221; custom_padding=&#8221;||46px|||&#8221; top_divider_style=&#8221;ramp2&#8243; top_divider_color=&#8221;#0d4159&#8243; top_divider_height=&#8221;122px&#8221;][et_pb_row use_custom_gutter=&#8221;on&#8221; _builder_version=&#8221;4.2.2&#8243; width=&#8221;88%&#8221; max_width=&#8221;1266px&#8221; custom_margin=&#8221;-24px|auto||auto||&#8221;][et_pb_column type=&#8221;4_4&#8243; _builder_version=&#8221;4.2.2&#8243;][et_pb_text _builder_version=&#8221;4.5.3&#8243; text_font=&#8221;Baloo Bhai|700|||||||&#8221; text_text_color=&#8221;#ffffff&#8221; text_font_size=&#8221;30px&#8221; custom_margin=&#8221;-11px|||||&#8221; custom_margin_tablet=&#8221;&#8221; custom_margin_phone=&#8221;-22px||||false|false&#8221; custom_margin_last_edited=&#8221;on|phone&#8221; text_font_size_tablet=&#8221;&#8221; text_font_size_phone=&#8221;20px&#8221; text_font_size_last_edited=&#8221;on|phone&#8221;]<\/p>\n<p style=\"text-align: right;\">EBOOK<\/p>\n<p>[\/et_pb_text][\/et_pb_column][\/et_pb_row][\/et_pb_section][et_pb_section fb_built=&#8221;1&#8243; _builder_version=&#8221;4.2.2&#8243; custom_padding=&#8221;0px||9px|||&#8221;][et_pb_row _builder_version=&#8221;4.5.3&#8243; module_alignment=&#8221;center&#8221; custom_padding=&#8221;50px|||||&#8221;][et_pb_column type=&#8221;4_4&#8243; _builder_version=&#8221;4.2.2&#8243;][et_pb_text _builder_version=&#8221;4.5.3&#8243; text_font=&#8221;Baloo Bhai|700|||||||&#8221; text_text_color=&#8221;#0d4159&#8243; text_font_size=&#8221;50px&#8221; text_line_height=&#8221;1.5em&#8221; text_orientation=&#8221;center&#8221; custom_margin=&#8221;12px|||||&#8221; text_font_size_tablet=&#8221;&#8221; text_font_size_phone=&#8221;25px&#8221; text_font_size_last_edited=&#8221;on|phone&#8221;]<\/p>\n<p style=\"text-align: left;\">\u00a1Descargar Ebook!<\/p>\n<p>[\/et_pb_text][et_pb_text _builder_version=&#8221;4.5.3&#8243; text_font=&#8221;Baloo Bhai|700|||||||&#8221; text_text_color=&#8221;#0d4159&#8243; text_font_size=&#8221;35px&#8221; text_line_height=&#8221;1.5em&#8221; text_orientation=&#8221;center&#8221; custom_margin=&#8221;12px||0px|||&#8221; hover_enabled=&#8221;0&#8243; text_font_size_tablet=&#8221;&#8221; text_font_size_phone=&#8221;25px&#8221; text_font_size_last_edited=&#8221;on|phone&#8221;]<\/p>\n<p style=\"text-align: left;\"><img loading=\"lazy\" src=\"https:\/\/nuevaempresa.com.ar\/brighton\/wp-content\/uploads\/2022\/03\/icono.jpg\" width=\"23\" height=\"30\" alt=\"\" class=\"wp-image-857 alignnone size-full\" srcset=\"https:\/\/nuevaempresa.com.ar\/brighton\/wp-content\/uploads\/2022\/03\/icono.jpg 23w, https:\/\/nuevaempresa.com.ar\/brighton\/wp-content\/uploads\/2022\/03\/icono-18x24.jpg 18w\" sizes=\"(max-width: 23px) 100vw, 23px\" \/>&#8211; 8 ejemplos de met\u00e1foras en ingl\u00e9s que no conoc\u00edas<\/p>\n<p>[\/et_pb_text][et_pb_button button_url=&#8221;https:\/\/nuevaempresa.com.ar\/brighton\/blog.pdf&#8221; url_new_window=&#8221;on&#8221; button_text=&#8221;Descargar Ebook&#8221; button_alignment=&#8221;left&#8221; _builder_version=&#8221;4.5.3&#8243; _module_preset=&#8221;default&#8221; custom_button=&#8221;on&#8221; button_text_size=&#8221;18px&#8221; button_text_color=&#8221;#ffffff&#8221; button_bg_color=&#8221;#0d4159&#8243; button_border_radius=&#8221;6px&#8221; button_font=&#8221;|600|||||||&#8221; custom_margin=&#8221;5px|||||&#8221;][\/et_pb_button][et_pb_divider color=&#8221;#0d4159&#8243; _builder_version=&#8221;4.5.3&#8243; _module_preset=&#8221;default&#8221; width=&#8221;100%&#8221; custom_margin=&#8221;||1px|||&#8221; custom_padding=&#8221;||0px|||&#8221;][\/et_pb_divider][et_pb_text _builder_version=&#8221;4.5.3&#8243; text_font=&#8221;Baloo Bhai|700|||||||&#8221; text_text_color=&#8221;#0d4159&#8243; text_font_size=&#8221;35px&#8221; text_line_height=&#8221;1.5em&#8221; text_orientation=&#8221;center&#8221; custom_margin=&#8221;5px|||||&#8221; hover_enabled=&#8221;0&#8243; text_font_size_tablet=&#8221;&#8221; text_font_size_phone=&#8221;25px&#8221; text_font_size_last_edited=&#8221;on|phone&#8221;]<\/p>\n<p style=\"text-align: left;\"><img loading=\"lazy\" src=\"https:\/\/nuevaempresa.com.ar\/brighton\/wp-content\/uploads\/2022\/03\/icono.jpg\" width=\"23\" height=\"30\" alt=\"\" class=\"wp-image-857 alignnone size-full\" srcset=\"https:\/\/nuevaempresa.com.ar\/brighton\/wp-content\/uploads\/2022\/03\/icono.jpg 23w, https:\/\/nuevaempresa.com.ar\/brighton\/wp-content\/uploads\/2022\/03\/icono-18x24.jpg 18w\" sizes=\"(max-width: 23px) 100vw, 23px\" \/>&#8211; 8 phrasal verbs con give con ejemplos<\/p>\n<p>[\/et_pb_text][et_pb_button button_url=&#8221;https:\/\/nuevaempresa.com.ar\/brighton\/blog.pdf&#8221; url_new_window=&#8221;on&#8221; button_text=&#8221;Descargar Ebook&#8221; button_alignment=&#8221;left&#8221; _builder_version=&#8221;4.5.3&#8243; _module_preset=&#8221;default&#8221; custom_button=&#8221;on&#8221; button_text_size=&#8221;18px&#8221; button_text_color=&#8221;#ffffff&#8221; button_bg_color=&#8221;#0d4159&#8243; button_border_radius=&#8221;6px&#8221; button_font=&#8221;|600|||||||&#8221; custom_margin=&#8221;-24px|||||&#8221;][\/et_pb_button][et_pb_divider color=&#8221;#0d4159&#8243; _builder_version=&#8221;4.5.3&#8243; _module_preset=&#8221;default&#8221; width=&#8221;100%&#8221; custom_margin=&#8221;||-1px|||&#8221;][\/et_pb_divider][et_pb_text _builder_version=&#8221;4.5.3&#8243; text_font=&#8221;Baloo Bhai|700|||||||&#8221; text_text_color=&#8221;#0d4159&#8243; text_font_size=&#8221;35px&#8221; text_line_height=&#8221;1.5em&#8221; text_orientation=&#8221;center&#8221; custom_margin=&#8221;-3px||32px|||&#8221; hover_enabled=&#8221;0&#8243; text_font_size_tablet=&#8221;&#8221; text_font_size_phone=&#8221;25px&#8221; text_font_size_last_edited=&#8221;on|phone&#8221;]<\/p>\n<p style=\"text-align: left;\"><img loading=\"lazy\" src=\"https:\/\/nuevaempresa.com.ar\/brighton\/wp-content\/uploads\/2022\/03\/icono.jpg\" width=\"23\" height=\"30\" alt=\"\" class=\"wp-image-857 alignnone size-full\" srcset=\"https:\/\/nuevaempresa.com.ar\/brighton\/wp-content\/uploads\/2022\/03\/icono.jpg 23w, https:\/\/nuevaempresa.com.ar\/brighton\/wp-content\/uploads\/2022\/03\/icono-18x24.jpg 18w\" sizes=\"(max-width: 23px) 100vw, 23px\" \/>&#8211; 8 ejemplos de met\u00e1foras en ingl\u00e9s que no conoc\u00edas<\/p>\n<p>[\/et_pb_text][et_pb_button button_url=&#8221;https:\/\/nuevaempresa.com.ar\/brighton\/blog.pdf&#8221; url_new_window=&#8221;on&#8221; button_text=&#8221;Descargar Ebook&#8221; button_alignment=&#8221;left&#8221; _builder_version=&#8221;4.5.3&#8243; _module_preset=&#8221;default&#8221; custom_button=&#8221;on&#8221; button_text_size=&#8221;18px&#8221; button_text_color=&#8221;#ffffff&#8221; button_bg_color=&#8221;#0d4159&#8243; button_border_radius=&#8221;6px&#8221; button_font=&#8221;|600|||||||&#8221; custom_margin=&#8221;-24px|||||&#8221;][\/et_pb_button][et_pb_divider color=&#8221;#0d4159&#8243; _builder_version=&#8221;4.5.3&#8243; _module_preset=&#8221;default&#8221; width=&#8221;100%&#8221; custom_margin=&#8221;||3px|||&#8221;][\/et_pb_divider][et_pb_text _builder_version=&#8221;4.5.3&#8243; text_font=&#8221;Baloo Bhai|700|||||||&#8221; text_text_color=&#8221;#0d4159&#8243; text_font_size=&#8221;35px&#8221; text_line_height=&#8221;1.5em&#8221; text_orientation=&#8221;center&#8221; custom_margin=&#8221;5px||37px|||&#8221; hover_enabled=&#8221;0&#8243; text_font_size_tablet=&#8221;&#8221; text_font_size_phone=&#8221;25px&#8221; text_font_size_last_edited=&#8221;on|phone&#8221;]<\/p>\n<p style=\"text-align: left;\"><img loading=\"lazy\" src=\"https:\/\/nuevaempresa.com.ar\/brighton\/wp-content\/uploads\/2022\/03\/icono.jpg\" width=\"23\" height=\"30\" alt=\"\" class=\"wp-image-857 alignnone size-full\" srcset=\"https:\/\/nuevaempresa.com.ar\/brighton\/wp-content\/uploads\/2022\/03\/icono.jpg 23w, https:\/\/nuevaempresa.com.ar\/brighton\/wp-content\/uploads\/2022\/03\/icono-18x24.jpg 18w\" sizes=\"(max-width: 23px) 100vw, 23px\" \/>&#8211; 8 phrasal verbs con give con ejemplos<\/p>\n<p>[\/et_pb_text][et_pb_button button_url=&#8221;https:\/\/nuevaempresa.com.ar\/brighton\/blog.pdf&#8221; url_new_window=&#8221;on&#8221; button_text=&#8221;Descargar Ebook&#8221; button_alignment=&#8221;left&#8221; _builder_version=&#8221;4.5.3&#8243; _module_preset=&#8221;default&#8221; custom_button=&#8221;on&#8221; button_text_size=&#8221;18px&#8221; button_text_color=&#8221;#ffffff&#8221; button_bg_color=&#8221;#0d4159&#8243; button_border_radius=&#8221;6px&#8221; button_font=&#8221;|600|||||||&#8221; custom_margin=&#8221;-24px|||||&#8221;][\/et_pb_button][et_pb_divider color=&#8221;#0d4159&#8243; _builder_version=&#8221;4.5.3&#8243; _module_preset=&#8221;default&#8221; width=&#8221;100%&#8221;][\/et_pb_divider][et_pb_text _builder_version=&#8221;4.5.3&#8243; text_font=&#8221;Baloo Bhai|700|||||||&#8221; text_text_color=&#8221;#0d4159&#8243; text_font_size=&#8221;35px&#8221; text_line_height=&#8221;1.5em&#8221; text_orientation=&#8221;center&#8221; custom_margin=&#8221;-20px||37px|||&#8221; hover_enabled=&#8221;0&#8243; text_font_size_tablet=&#8221;&#8221; text_font_size_phone=&#8221;25px&#8221; text_font_size_last_edited=&#8221;on|phone&#8221;]<\/p>\n<p style=\"text-align: left;\"><img loading=\"lazy\" src=\"https:\/\/nuevaempresa.com.ar\/brighton\/wp-content\/uploads\/2022\/03\/icono.jpg\" width=\"23\" height=\"30\" alt=\"\" class=\"wp-image-857 alignnone size-full\" srcset=\"https:\/\/nuevaempresa.com.ar\/brighton\/wp-content\/uploads\/2022\/03\/icono.jpg 23w, https:\/\/nuevaempresa.com.ar\/brighton\/wp-content\/uploads\/2022\/03\/icono-18x24.jpg 18w\" sizes=\"(max-width: 23px) 100vw, 23px\" \/>&#8211; 8 phrasal verbs con give con ejemplos<\/p>\n<p>[\/et_pb_text][et_pb_button button_url=&#8221;https:\/\/nuevaempresa.com.ar\/brighton\/blog.pdf&#8221; url_new_window=&#8221;on&#8221; button_text=&#8221;Descargar Ebook&#8221; button_alignment=&#8221;left&#8221; _builder_version=&#8221;4.5.3&#8243; _module_preset=&#8221;default&#8221; custom_button=&#8221;on&#8221; button_text_size=&#8221;18px&#8221; button_text_color=&#8221;#ffffff&#8221; button_bg_color=&#8221;#0d4159&#8243; button_border_radius=&#8221;6px&#8221; button_font=&#8221;|600|||||||&#8221; custom_margin=&#8221;-24px|||||&#8221;][\/et_pb_button][et_pb_divider color=&#8221;#0d4159&#8243; _builder_version=&#8221;4.5.3&#8243; _module_preset=&#8221;default&#8221; width=&#8221;100%&#8221;][\/et_pb_divider][\/et_pb_column][\/et_pb_row][\/et_pb_section][et_pb_section fb_built=&#8221;1&#8243; _builder_version=&#8221;4.2.2&#8243; custom_margin=&#8221;-46px|||||&#8221; custom_padding=&#8221;34px||288px|||&#8221;][\/et_pb_section]<\/p>\n","protected":false},"excerpt":{"rendered":"<p>[et_pb_section fb_built=&#8221;1&#8243; _builder_version=&#8221;4.5.3&#8243; background_enable_image=&#8221;off&#8221; custom_padding=&#8221;||46px|||&#8221; top_divider_style=&#8221;ramp2&#8243; top_divider_color=&#8221;#0d4159&#8243; top_divider_height=&#8221;122px&#8221;][et_pb_row use_custom_gutter=&#8221;on&#8221; _builder_version=&#8221;4.2.2&#8243; width=&#8221;88%&#8221; max_width=&#8221;1266px&#8221; custom_margin=&#8221;-24px|auto||auto||&#8221;][et_pb_column type=&#8221;4_4&#8243; _builder_version=&#8221;4.2.2&#8243;][et_pb_text _builder_version=&#8221;4.5.3&#8243; text_font=&#8221;Baloo Bhai|700|||||||&#8221; text_text_color=&#8221;#ffffff&#8221; text_font_size=&#8221;30px&#8221; custom_margin=&#8221;-11px|||||&#8221; custom_margin_tablet=&#8221;&#8221; custom_margin_phone=&#8221;-22px||||false|false&#8221; custom_margin_last_edited=&#8221;on|phone&#8221; text_font_size_tablet=&#8221;&#8221; text_font_size_phone=&#8221;20px&#8221; text_font_size_last_edited=&#8221;on|phone&#8221;] EBOOK [\/et_pb_text][\/et_pb_column][\/et_pb_row][\/et_pb_section][et_pb_section fb_built=&#8221;1&#8243; _builder_version=&#8221;4.2.2&#8243; custom_padding=&#8221;0px||9px|||&#8221;][et_pb_row _builder_version=&#8221;4.5.3&#8243; module_alignment=&#8221;center&#8221; custom_padding=&#8221;50px|||||&#8221;][et_pb_column type=&#8221;4_4&#8243; _builder_version=&#8221;4.2.2&#8243;][et_pb_text _builder_version=&#8221;4.5.3&#8243; text_font=&#8221;Baloo Bhai|700|||||||&#8221; text_text_color=&#8221;#0d4159&#8243; text_font_size=&#8221;50px&#8221; text_line_height=&#8221;1.5em&#8221; text_orientation=&#8221;center&#8221; custom_margin=&#8221;12px|||||&#8221; text_font_size_tablet=&#8221;&#8221; text_font_size_phone=&#8221;25px&#8221; text_font_size_last_edited=&#8221;on|phone&#8221;] \u00a1Descargar Ebook! [\/et_pb_text][et_pb_text _builder_version=&#8221;4.5.3&#8243; text_font=&#8221;Baloo Bhai|700|||||||&#8221; text_text_color=&#8221;#0d4159&#8243; [&hellip;]<\/p>\n","protected":false},"author":1,"featured_media":0,"parent":721,"menu_order":0,"comment_status":"closed","ping_status":"closed","template":"","meta":{"_et_pb_use_builder":"on","_et_pb_old_content":"","_et_gb_content_width":""},"_links":{"self":[{"href":"https:\/\/nuevaempresa.com.ar\/brighton\/wp-json\/wp\/v2\/pages\/734"}],"collection":[{"href":"https:\/\/nuevaempresa.com.ar\/brighton\/wp-json\/wp\/v2\/pages"}],"about":[{"href":"https:\/\/nuevaempresa.com.ar\/brighton\/wp-json\/wp\/v2\/types\/page"}],"author":[{"embeddable":true,"href":"https:\/\/nuevaempresa.com.ar\/brighton\/wp-json\/wp\/v2\/users\/1"}],"replies":[{"embeddable":true,"href":"https:\/\/nuevaempresa.com.ar\/brighton\/wp-json\/wp\/v2\/comments?post=734"}],"version-history":[{"count":19,"href":"https:\/\/nuevaempresa.com.ar\/brighton\/wp-json\/wp\/v2\/pages\/734\/revisions"}],"predecessor-version":[{"id":869,"href":"https:\/\/nuevaempresa.com.ar\/brighton\/wp-json\/wp\/v2\/pages\/734\/revisions\/869"}],"up":[{"embeddable":true,"href":"https:\/\/nuevaempresa.com.ar\/brighton\/wp-json\/wp\/v2\/pages\/721"}],"wp:attachment":[{"href":"https:\/\/nuevaempresa.com.ar\/brighton\/wp-json\/wp\/v2\/media?parent=734"}],"curies":[{"name":"wp","href":"https:\/\/api.w.org\/{rel}","templated":true}]}}