{"id":420,"date":"2023-08-28T02:22:16","date_gmt":"2023-08-28T02:22:16","guid":{"rendered":"https:\/\/nuevaempresa.com.ar\/sanmiguel\/?page_id=420"},"modified":"2023-08-28T02:32:37","modified_gmt":"2023-08-28T02:32:37","slug":"cosmetologia","status":"publish","type":"page","link":"https:\/\/nuevaempresa.com.ar\/sanmiguel\/cursos\/cosmetologia\/","title":{"rendered":"Cosmetolog\u00eda"},"content":{"rendered":"<p>[et_pb_section fb_built=\u00bb1&#8243; _builder_version=\u00bb4.17.0&#8243; _module_preset=\u00bbdefault\u00bb background_color=\u00bb#ff503d\u00bb custom_padding=\u00bb29px||29px|||\u00bb global_colors_info=\u00bb{}\u00bb][et_pb_row column_structure=\u00bb3_5,2_5&#8243; use_custom_gutter=\u00bbon\u00bb gutter_width=\u00bb1&#8243; _builder_version=\u00bb4.17.0&#8243; _module_preset=\u00bbdefault\u00bb width=\u00bb100%\u00bb max_width=\u00bb1246px\u00bb custom_padding=\u00bb||36px|||\u00bb global_colors_info=\u00bb{}\u00bb][et_pb_column type=\u00bb3_5&#8243; _builder_version=\u00bb4.17.0&#8243; _module_preset=\u00bbdefault\u00bb global_colors_info=\u00bb{}\u00bb][et_pb_text _builder_version=\u00bb4.17.0&#8243; _module_preset=\u00bbdefault\u00bb text_font=\u00bb|600|||||||\u00bb text_text_color=\u00bb#FFFFFF\u00bb text_font_size=\u00bb40px\u00bb hover_enabled=\u00bb0&#8243; global_colors_info=\u00bb{}\u00bb sticky_enabled=\u00bb0&#8243;]<\/p>\n<p>Carrera Cosmetolog\u00eda<\/p>\n<p>[\/et_pb_text][\/et_pb_column][et_pb_column type=\u00bb2_5&#8243; _builder_version=\u00bb4.17.0&#8243; _module_preset=\u00bbdefault\u00bb global_colors_info=\u00bb{}\u00bb][\/et_pb_column][\/et_pb_row][\/et_pb_section][et_pb_section fb_built=\u00bb1&#8243; _builder_version=\u00bb4.17.0&#8243; _module_preset=\u00bbdefault\u00bb custom_padding=\u00bb27px||0px|||\u00bb hover_enabled=\u00bb0&#8243; global_colors_info=\u00bb{}\u00bb sticky_enabled=\u00bb0&#8243; custom_margin=\u00bb||100px||false|false\u00bb][et_pb_row use_custom_gutter=\u00bbon\u00bb _builder_version=\u00bb4.17.0&#8243; _module_preset=\u00bbdefault\u00bb width=\u00bb100%\u00bb max_width=\u00bb1231px\u00bb hover_enabled=\u00bb0&#8243; global_colors_info=\u00bb{}\u00bb column_structure=\u00bb3_5,2_5&#8243; sticky_enabled=\u00bb0&#8243;][et_pb_column type=\u00bb3_5&#8243; _builder_version=\u00bb4.17.0&#8243; _module_preset=\u00bbdefault\u00bb global_colors_info=\u00bb{}\u00bb][et_pb_text _builder_version=\u00bb4.17.0&#8243; _module_preset=\u00bbdefault\u00bb text_font_size=\u00bb17px\u00bb hover_enabled=\u00bb0&#8243; global_colors_info=\u00bb{}\u00bb sticky_enabled=\u00bb0&#8243; text_line_height=\u00bb1.5em\u00bb]<\/p>\n<p>Nuestras Carreras, tienen un equilibrio entre el Saber hacer, el Saber y el Ser<br \/>Profesional que reflejan nuestros Planes de Estudio.<\/p>\n<p><strong>Descripci\u00f3n de la carrera:<\/strong><br \/>La carrera de Cosmetolog\u00eda posibilita un ejercicio profesional para intervenir en<br \/>la evaluaci\u00f3n, prevenci\u00f3n, conservaci\u00f3n, tratamiento y recuperaci\u00f3n de la piel<br \/>sana.<\/p>\n<p><strong>Perfil Docente:<\/strong> Cosmiatra o Tec. Universitario.<\/p>\n<p><strong>Perfil del alumno:<\/strong> P\u00fablico final (mayor de 18 a\u00f1os con secundario aprobado)<br \/>o cosmet\u00f3logas que estudiaron hace muchos a\u00f1os y necesitan una<br \/>actualizaci\u00f3n profesional.<\/p>\n<p><strong>Duraci\u00f3n:<\/strong> 20 clases de 3hs<\/p>\n<p>[\/et_pb_text][\/et_pb_column][et_pb_column type=\u00bb2_5&#8243; _builder_version=\u00bb4.17.0&#8243; _module_preset=\u00bbdefault\u00bb global_colors_info=\u00bb{}\u00bb][et_pb_image src=\u00bbhttps:\/\/nuevaempresa.com.ar\/sanmiguel\/wp-content\/uploads\/2023\/08\/cosm.jpg\u00bb _builder_version=\u00bb4.17.0&#8243; _module_preset=\u00bbdefault\u00bb title_text=\u00bbcosm\u00bb border_radii=\u00bbon|10px|10px|10px|10px\u00bb box_shadow_style=\u00bbpreset1&#8243; hover_enabled=\u00bb0&#8243; sticky_enabled=\u00bb0&#8243;][\/et_pb_image][\/et_pb_column][\/et_pb_row][\/et_pb_section][et_pb_section fb_built=\u00bb1&#8243; theme_builder_area=\u00bbpost_content\u00bb _builder_version=\u00bb4.17.0&#8243; _module_preset=\u00bbdefault\u00bb background_color=\u00bb#eeeae9&#8243; hover_enabled=\u00bb0&#8243; sticky_enabled=\u00bb0&#8243; custom_padding=\u00bb31px||31px|||\u00bb custom_margin=\u00bb-47px||-47px|||\u00bb][et_pb_row _builder_version=\u00bb4.17.0&#8243; _module_preset=\u00bbdefault\u00bb use_custom_gutter=\u00bbon\u00bb width=\u00bb100%\u00bb max_width=\u00bb1240px\u00bb hover_enabled=\u00bb0&#8243; sticky_enabled=\u00bb0&#8243; theme_builder_area=\u00bbpost_content\u00bb][et_pb_column _builder_version=\u00bb4.17.0&#8243; _module_preset=\u00bbdefault\u00bb type=\u00bb4_4&#8243; theme_builder_area=\u00bbpost_content\u00bb][et_pb_text _builder_version=\u00bb4.17.0&#8243; _module_preset=\u00bbdefault\u00bb text_font_size=\u00bb17px\u00bb hover_enabled=\u00bb0&#8243; global_colors_info=\u00bb{}\u00bb sticky_enabled=\u00bb0&#8243; text_line_height=\u00bb1.5em\u00bb theme_builder_area=\u00bbpost_content\u00bb]<\/p>\n<p><strong>Programa:<\/strong><\/p>\n<p>\u2022 Piel y anexos cut\u00e1neos, biotipos, fototipos\u00a0 y lesiones elementales.<br \/>\u2022 Biolog\u00eda, Anatom\u00eda y Fisiolog\u00eda Aplicada<br \/>\u2022 Qu\u00edmica Cosm\u00e9tica: Legislaci\u00f3n, veh\u00edculos, principios activos, v\u00edas de penetraci\u00f3n y materias primas de uso cosm\u00e9tico.<br \/>\u2022 Diagn\u00f3stico de la piel<br \/>\u2022 Pr\u00e1ctica Profesional Cosmetol\u00f3gica: Protocolos de aplicaci\u00f3n facial seg\u00fan las necesidades de la piel<br \/>\u2022 Introducci\u00f3n al Masaje Facial<br \/>\u2022 Electrofisiolog\u00eda e Introducci\u00f3n a la Aparatolog\u00eda Facial<br \/>\u2022 Nutrici\u00f3n y Nutricosm\u00e9tica<br \/>\u2022 Marketing Est\u00e9tico<br \/>\u2022 Psicoest\u00e9tica<\/p>\n<p><strong>Incumbencias profesionales:<\/strong> Podr\u00e1s desplegar tu vocaci\u00f3n en tu gabinete, en centros de est\u00e9tica, en pr\u00e1cticas domiciliarias y en equipos interdisciplinarios donde los cuidados de la piel sean protagonistas.<br \/>El abordaje de la piel sana y el desarrollo de protocolos espec\u00edficos de acuerdo con las necesidades de los pacientes.<br \/>El correcto asesoramiento de los pacientes en cuanto a recomendaciones de apoyo domiciliario adecuado a sus necesidades.<\/p>\n<p><strong>Modalidad:<\/strong> Exposici\u00f3n dialogada \u2013Practica supervisada<\/p>\n<p>[\/et_pb_text][\/et_pb_column][\/et_pb_row][\/et_pb_section]<\/p>\n","protected":false},"excerpt":{"rendered":"<p>Carrera Cosmetolog\u00edaNuestras Carreras, tienen un equilibrio entre el Saber hacer, el Saber y el SerProfesional que reflejan nuestros Planes de Estudio. Descripci\u00f3n de la carrera:La carrera de Cosmetolog\u00eda posibilita un ejercicio profesional para intervenir enla evaluaci\u00f3n, prevenci\u00f3n, conservaci\u00f3n, tratamiento y recuperaci\u00f3n de la pielsana. Perfil Docente: Cosmiatra o Tec. Universitario. Perfil del alumno: P\u00fablico final [&hellip;]<\/p>\n","protected":false},"author":1,"featured_media":0,"parent":134,"menu_order":0,"comment_status":"closed","ping_status":"closed","template":"","meta":{"_et_pb_use_builder":"on","_et_pb_old_content":"","_et_gb_content_width":"","footnotes":""},"_links":{"self":[{"href":"https:\/\/nuevaempresa.com.ar\/sanmiguel\/wp-json\/wp\/v2\/pages\/420"}],"collection":[{"href":"https:\/\/nuevaempresa.com.ar\/sanmiguel\/wp-json\/wp\/v2\/pages"}],"about":[{"href":"https:\/\/nuevaempresa.com.ar\/sanmiguel\/wp-json\/wp\/v2\/types\/page"}],"author":[{"embeddable":true,"href":"https:\/\/nuevaempresa.com.ar\/sanmiguel\/wp-json\/wp\/v2\/users\/1"}],"replies":[{"embeddable":true,"href":"https:\/\/nuevaempresa.com.ar\/sanmiguel\/wp-json\/wp\/v2\/comments?post=420"}],"version-history":[{"count":6,"href":"https:\/\/nuevaempresa.com.ar\/sanmiguel\/wp-json\/wp\/v2\/pages\/420\/revisions"}],"predecessor-version":[{"id":429,"href":"https:\/\/nuevaempresa.com.ar\/sanmiguel\/wp-json\/wp\/v2\/pages\/420\/revisions\/429"}],"up":[{"embeddable":true,"href":"https:\/\/nuevaempresa.com.ar\/sanmiguel\/wp-json\/wp\/v2\/pages\/134"}],"wp:attachment":[{"href":"https:\/\/nuevaempresa.com.ar\/sanmiguel\/wp-json\/wp\/v2\/media?parent=420"}],"curies":[{"name":"wp","href":"https:\/\/api.w.org\/{rel}","templated":true}]}}