{"id":552,"date":"2023-10-04T19:26:47","date_gmt":"2023-10-04T19:26:47","guid":{"rendered":"https:\/\/nuevaempresa.com.ar\/sanmiguel\/?page_id=552"},"modified":"2023-10-04T19:26:47","modified_gmt":"2023-10-04T19:26:47","slug":"cosmiatria","status":"publish","type":"page","link":"https:\/\/nuevaempresa.com.ar\/sanmiguel\/cursos\/cosmiatria\/","title":{"rendered":"Cosmiatr\u00eda"},"content":{"rendered":"<p>[et_pb_section fb_built=\u00bb1&#8243; _builder_version=\u00bb4.22.1&#8243; _module_preset=\u00bbdefault\u00bb background_color=\u00bbrgba(82,0,198,0.72)\u00bb custom_padding=\u00bb29px||29px|||\u00bb hover_enabled=\u00bb0&#8243; global_colors_info=\u00bb{}\u00bb sticky_enabled=\u00bb0&#8243;][et_pb_row column_structure=\u00bb3_5,2_5&#8243; use_custom_gutter=\u00bbon\u00bb gutter_width=\u00bb1&#8243; _builder_version=\u00bb4.17.0&#8243; _module_preset=\u00bbdefault\u00bb width=\u00bb100%\u00bb max_width=\u00bb1246px\u00bb custom_padding=\u00bb||36px|||\u00bb global_colors_info=\u00bb{}\u00bb][et_pb_column type=\u00bb3_5&#8243; _builder_version=\u00bb4.17.0&#8243; _module_preset=\u00bbdefault\u00bb global_colors_info=\u00bb{}\u00bb][et_pb_text _builder_version=\u00bb4.22.1&#8243; _module_preset=\u00bbdefault\u00bb text_font=\u00bb|600|||||||\u00bb text_text_color=\u00bb#FFFFFF\u00bb text_font_size=\u00bb40px\u00bb hover_enabled=\u00bb0&#8243; global_colors_info=\u00bb{}\u00bb sticky_enabled=\u00bb0&#8243;]<\/p>\n<p>Carrera Cosmiatr\u00eda<\/p>\n<p>[\/et_pb_text][\/et_pb_column][et_pb_column type=\u00bb2_5&#8243; _builder_version=\u00bb4.17.0&#8243; _module_preset=\u00bbdefault\u00bb global_colors_info=\u00bb{}\u00bb][\/et_pb_column][\/et_pb_row][\/et_pb_section][et_pb_section fb_built=\u00bb1&#8243; _builder_version=\u00bb4.17.0&#8243; _module_preset=\u00bbdefault\u00bb custom_margin=\u00bb||100px||false|false\u00bb custom_padding=\u00bb27px||0px|||\u00bb global_colors_info=\u00bb{}\u00bb][et_pb_row column_structure=\u00bb3_5,2_5&#8243; use_custom_gutter=\u00bbon\u00bb _builder_version=\u00bb4.17.0&#8243; _module_preset=\u00bbdefault\u00bb width=\u00bb100%\u00bb max_width=\u00bb1231px\u00bb global_colors_info=\u00bb{}\u00bb][et_pb_column type=\u00bb3_5&#8243; _builder_version=\u00bb4.17.0&#8243; _module_preset=\u00bbdefault\u00bb global_colors_info=\u00bb{}\u00bb][et_pb_text _builder_version=\u00bb4.22.1&#8243; _module_preset=\u00bbdefault\u00bb text_font_size=\u00bb17px\u00bb text_line_height=\u00bb1.5em\u00bb hover_enabled=\u00bb0&#8243; global_colors_info=\u00bb{}\u00bb sticky_enabled=\u00bb0&#8243;]<\/p>\n<p>\u00a0Nuestras Carreras, tienen un equilibrio entre el Saber hacer, el Saber y el Ser<br \/>Profesional que reflejan nuestros Planes de Estudio.<\/p>\n<p><strong>Descripci\u00f3n de la carrera:<\/strong><br \/>El objetivo de la Cosmiatr\u00eda como profesi\u00f3n dentro del Universo de la Est\u00e9tica,<br \/>es brindar un conocimiento m\u00e1s profundo sobre la fisiopatolog\u00eda de la<br \/>alteraci\u00f3n cut\u00e1nea, de manera de convertirte en nexo entre la Cosmetolog\u00eda y<br \/>la Dermatolog\u00eda.<br \/>Se profundizar\u00e1n tem\u00e1ticas como acn\u00e9, ros\u00e1cea, envejecimiento y<br \/>fotoenvejecimiento cut\u00e1neo, discrom\u00edas y abordaje de las hipercrom\u00edas,<br \/>alopecias y tratamientos capilares.<\/p>\n<p>Las carreras incluyen trabajos pr\u00e1cticos para continuar con los procesos de<br \/>aprendizaje desde el hogar y un requieren un gran compromiso en la pr\u00e1ctica<br \/>profesional y profundizaci\u00f3n de los contenidos de forma autogestiva con<br \/>orientaci\u00f3n y monitoreo del docente.<\/p>\n<p><strong>Perfil Docente:<\/strong> Cosmiatra o Tec. Universitarios.<\/p>\n<p><strong>Perfil del alumno:<\/strong> Cosmet\u00f3logas.<\/p>\n<p><strong>Duraci\u00f3n Cosmiatr\u00eda:<\/strong> 22 clases de 3 hs<\/p>\n<p>[\/et_pb_text][\/et_pb_column][et_pb_column type=\u00bb2_5&#8243; _builder_version=\u00bb4.17.0&#8243; _module_preset=\u00bbdefault\u00bb global_colors_info=\u00bb{}\u00bb][et_pb_image src=\u00bbhttps:\/\/nuevaempresa.com.ar\/sanmiguel\/wp-content\/uploads\/2023\/10\/cosmiatria.png\u00bb title_text=\u00bbcosmiatria\u00bb _builder_version=\u00bb4.22.1&#8243; _module_preset=\u00bbdefault\u00bb hover_enabled=\u00bb0&#8243; border_radii=\u00bbon|10px|10px|10px|10px\u00bb box_shadow_style=\u00bbpreset1&#8243; global_colors_info=\u00bb{}\u00bb sticky_enabled=\u00bb0&#8243;][\/et_pb_image][\/et_pb_column][\/et_pb_row][\/et_pb_section][et_pb_section fb_built=\u00bb1&#8243; _builder_version=\u00bb4.17.0&#8243; _module_preset=\u00bbdefault\u00bb background_color=\u00bb#eeeae9&#8243; custom_margin=\u00bb-47px||-47px|||\u00bb custom_padding=\u00bb31px||31px|||\u00bb global_colors_info=\u00bb{}\u00bb][et_pb_row use_custom_gutter=\u00bbon\u00bb _builder_version=\u00bb4.17.0&#8243; _module_preset=\u00bbdefault\u00bb width=\u00bb100%\u00bb max_width=\u00bb1240px\u00bb global_colors_info=\u00bb{}\u00bb][et_pb_column type=\u00bb4_4&#8243; _builder_version=\u00bb4.17.0&#8243; _module_preset=\u00bbdefault\u00bb global_colors_info=\u00bb{}\u00bb][et_pb_text _builder_version=\u00bb4.22.1&#8243; _module_preset=\u00bbdefault\u00bb text_font_size=\u00bb17px\u00bb text_line_height=\u00bb1.5em\u00bb hover_enabled=\u00bb0&#8243; global_colors_info=\u00bb{}\u00bb sticky_enabled=\u00bb0&#8243;]<\/p>\n<p><strong>Programa:<\/strong><\/p>\n<p>\u2022 Dermatolog\u00eda II: Acn\u00e9, Ros\u00e1cea, envejecimiento, fotoenvejecimiento,<br \/>discrom\u00edas, c\u00e1ncer de piel, alopecias.<br \/>\u2022 Qu\u00edmica Cosm\u00e9tica: Biopeptidos, biotecnolog\u00eda, Carriers, materias primas<br \/>de uso cosm\u00e9tico.<br \/>\u2022 Peeling mediante metodolog\u00edas qu\u00edmicas, mec\u00e1nicas y Biol\u00f3gicas<br \/>\u2022 Protecci\u00f3n solar: Formulaci\u00f3n de protectores solares y conceptos b\u00e1sicos<br \/>de fotoprotecci\u00f3n.<br \/>\u2022 Masoterapia Facial aplicada<br \/>\u2022 Drenaje Linf\u00e1tico Manual Facial y Capilar<br \/>\u2022 Nutrici\u00f3n y Nutracosm\u00e9ticos<br \/>\u2022 Pr\u00e1ctica Profesional Cosmi\u00e1trica: Protocolos de aplicaci\u00f3n para cada<br \/>afecci\u00f3n.<br \/>\u2022 Aparatolog\u00eda de uso cosmi\u00e1trico<br \/>\u2022 Tendencias, Marketing y Psicoest\u00e9tica<br \/>Modalidad: Exposici\u00f3n dialogada \u2013 Practica supervisada domiciliario adecuado a sus necesidades.<\/p>\n<p><strong>Modalidad:<\/strong> Exposici\u00f3n dialogada \u2013Practica supervisada<\/p>\n<p>[\/et_pb_text][\/et_pb_column][\/et_pb_row][\/et_pb_section]<\/p>\n","protected":false},"excerpt":{"rendered":"<p>Carrera Cosmiatr\u00eda\u00a0Nuestras Carreras, tienen un equilibrio entre el Saber hacer, el Saber y el SerProfesional que reflejan nuestros Planes de Estudio. Descripci\u00f3n de la carrera:El objetivo de la Cosmiatr\u00eda como profesi\u00f3n dentro del Universo de la Est\u00e9tica,es brindar un conocimiento m\u00e1s profundo sobre la fisiopatolog\u00eda de laalteraci\u00f3n cut\u00e1nea, de manera de convertirte en nexo entre [&hellip;]<\/p>\n","protected":false},"author":1,"featured_media":0,"parent":134,"menu_order":0,"comment_status":"closed","ping_status":"closed","template":"","meta":{"_et_pb_use_builder":"on","_et_pb_old_content":"","_et_gb_content_width":"","footnotes":""},"_links":{"self":[{"href":"https:\/\/nuevaempresa.com.ar\/sanmiguel\/wp-json\/wp\/v2\/pages\/552"}],"collection":[{"href":"https:\/\/nuevaempresa.com.ar\/sanmiguel\/wp-json\/wp\/v2\/pages"}],"about":[{"href":"https:\/\/nuevaempresa.com.ar\/sanmiguel\/wp-json\/wp\/v2\/types\/page"}],"author":[{"embeddable":true,"href":"https:\/\/nuevaempresa.com.ar\/sanmiguel\/wp-json\/wp\/v2\/users\/1"}],"replies":[{"embeddable":true,"href":"https:\/\/nuevaempresa.com.ar\/sanmiguel\/wp-json\/wp\/v2\/comments?post=552"}],"version-history":[{"count":3,"href":"https:\/\/nuevaempresa.com.ar\/sanmiguel\/wp-json\/wp\/v2\/pages\/552\/revisions"}],"predecessor-version":[{"id":557,"href":"https:\/\/nuevaempresa.com.ar\/sanmiguel\/wp-json\/wp\/v2\/pages\/552\/revisions\/557"}],"up":[{"embeddable":true,"href":"https:\/\/nuevaempresa.com.ar\/sanmiguel\/wp-json\/wp\/v2\/pages\/134"}],"wp:attachment":[{"href":"https:\/\/nuevaempresa.com.ar\/sanmiguel\/wp-json\/wp\/v2\/media?parent=552"}],"curies":[{"name":"wp","href":"https:\/\/api.w.org\/{rel}","templated":true}]}}