{"id":559,"date":"2023-10-06T00:42:28","date_gmt":"2023-10-06T00:42:28","guid":{"rendered":"https:\/\/nuevaempresa.com.ar\/sanmiguel\/?page_id=559"},"modified":"2023-10-06T00:46:20","modified_gmt":"2023-10-06T00:46:20","slug":"maquillaje-social","status":"publish","type":"page","link":"https:\/\/nuevaempresa.com.ar\/sanmiguel\/cursos\/maquillaje-social\/","title":{"rendered":"Maquillaje Social"},"content":{"rendered":"<p>[et_pb_section fb_built=\u00bb1&#8243; _builder_version=\u00bb4.22.1&#8243; _module_preset=\u00bbdefault\u00bb background_color=\u00bbrgba(168,0,72,0.72)\u00bb custom_padding=\u00bb29px||29px|||\u00bb hover_enabled=\u00bb0&#8243; global_colors_info=\u00bb{}\u00bb sticky_enabled=\u00bb0&#8243;][et_pb_row column_structure=\u00bb3_5,2_5&#8243; use_custom_gutter=\u00bbon\u00bb gutter_width=\u00bb1&#8243; _builder_version=\u00bb4.17.0&#8243; _module_preset=\u00bbdefault\u00bb width=\u00bb100%\u00bb max_width=\u00bb1246px\u00bb custom_padding=\u00bb||36px|||\u00bb global_colors_info=\u00bb{}\u00bb][et_pb_column type=\u00bb3_5&#8243; _builder_version=\u00bb4.17.0&#8243; _module_preset=\u00bbdefault\u00bb global_colors_info=\u00bb{}\u00bb][et_pb_text _builder_version=\u00bb4.22.1&#8243; _module_preset=\u00bbdefault\u00bb text_font=\u00bb|600|||||||\u00bb text_text_color=\u00bb#FFFFFF\u00bb text_font_size=\u00bb40px\u00bb hover_enabled=\u00bb0&#8243; global_colors_info=\u00bb{}\u00bb sticky_enabled=\u00bb0&#8243;]<\/p>\n<p>Maquillaje Social<\/p>\n<p>[\/et_pb_text][\/et_pb_column][et_pb_column type=\u00bb2_5&#8243; _builder_version=\u00bb4.17.0&#8243; _module_preset=\u00bbdefault\u00bb global_colors_info=\u00bb{}\u00bb][\/et_pb_column][\/et_pb_row][\/et_pb_section][et_pb_section fb_built=\u00bb1&#8243; _builder_version=\u00bb4.17.0&#8243; _module_preset=\u00bbdefault\u00bb custom_margin=\u00bb||100px||false|false\u00bb custom_padding=\u00bb27px||0px|||\u00bb global_colors_info=\u00bb{}\u00bb][et_pb_row column_structure=\u00bb3_5,2_5&#8243; use_custom_gutter=\u00bbon\u00bb _builder_version=\u00bb4.17.0&#8243; _module_preset=\u00bbdefault\u00bb width=\u00bb100%\u00bb max_width=\u00bb1231px\u00bb global_colors_info=\u00bb{}\u00bb][et_pb_column type=\u00bb3_5&#8243; _builder_version=\u00bb4.17.0&#8243; _module_preset=\u00bbdefault\u00bb global_colors_info=\u00bb{}\u00bb][et_pb_text _builder_version=\u00bb4.22.1&#8243; _module_preset=\u00bbdefault\u00bb text_font_size=\u00bb17px\u00bb text_line_height=\u00bb1.5em\u00bb hover_enabled=\u00bb0&#8243; global_colors_info=\u00bb{}\u00bb sticky_enabled=\u00bb0&#8243;]<\/p>\n<p>Nuestras Carreras, tienen un equilibrio entre el Saber hacer, el Saber y el Ser<br \/>Profesional que reflejan nuestros Planes de Estudio.<\/p>\n<p><strong>Descripci\u00f3n de la carrera:<\/strong><br \/>La carrera de Maquillaje Social posibilita a quien la transita un despliegue de<br \/>creatividad y vuelo aplicado a la Belleza.<br \/>Se brindar\u00e1n herramientas para que el artista pueda realizar un maquillaje<br \/>adaptado a la morfolog\u00eda del rostro y que encaje con el prop\u00f3sito del evento u<br \/>ocasi\u00f3n especial, siempre propiciando el desarrollo creativo del profesional.<br \/><strong><br \/>Perfil Docente:<\/strong> Maquilladora profesional<br \/><strong><br \/>Perfil del alumno:<\/strong> P\u00fablico final.<br \/><strong><br \/>Duraci\u00f3n:<\/strong> 20 clases de 3 hs<\/p>\n<p>[\/et_pb_text][\/et_pb_column][et_pb_column type=\u00bb2_5&#8243; _builder_version=\u00bb4.17.0&#8243; _module_preset=\u00bbdefault\u00bb global_colors_info=\u00bb{}\u00bb][et_pb_image src=\u00bbhttps:\/\/nuevaempresa.com.ar\/sanmiguel\/wp-content\/uploads\/2023\/10\/MAQUILLAJE-SOCIAL.png\u00bb title_text=\u00bbMAQUILLAJE-SOCIAL\u00bb _builder_version=\u00bb4.22.1&#8243; _module_preset=\u00bbdefault\u00bb hover_enabled=\u00bb0&#8243; border_radii=\u00bbon|10px|10px|10px|10px\u00bb box_shadow_style=\u00bbpreset1&#8243; global_colors_info=\u00bb{}\u00bb sticky_enabled=\u00bb0&#8243;][\/et_pb_image][\/et_pb_column][\/et_pb_row][\/et_pb_section][et_pb_section fb_built=\u00bb1&#8243; _builder_version=\u00bb4.17.0&#8243; _module_preset=\u00bbdefault\u00bb background_color=\u00bb#eeeae9&#8243; custom_margin=\u00bb-47px||-47px|||\u00bb custom_padding=\u00bb31px||31px|||\u00bb global_colors_info=\u00bb{}\u00bb][et_pb_row use_custom_gutter=\u00bbon\u00bb _builder_version=\u00bb4.17.0&#8243; _module_preset=\u00bbdefault\u00bb width=\u00bb100%\u00bb max_width=\u00bb1240px\u00bb global_colors_info=\u00bb{}\u00bb][et_pb_column type=\u00bb4_4&#8243; _builder_version=\u00bb4.17.0&#8243; _module_preset=\u00bbdefault\u00bb global_colors_info=\u00bb{}\u00bb][et_pb_text _builder_version=\u00bb4.22.1&#8243; _module_preset=\u00bbdefault\u00bb text_font_size=\u00bb17px\u00bb text_line_height=\u00bb1.5em\u00bb hover_enabled=\u00bb0&#8243; global_colors_info=\u00bb{}\u00bb sticky_enabled=\u00bb0&#8243;]<\/p>\n<p><strong>Programa:<\/strong><\/p>\n<p>Piel y Anexos &#8211; Tipos de piel<br \/>\u2022 Preparaci\u00f3n de la piel previa al maquillaje, Rutina diaria de cuidados.<br \/>\u2022 Herramientas del maquillador y sus cuidados, Bioseguridad.<br \/>\u2022 Qu\u00edmica Cosm\u00e9tica b\u00e1sica Aplicada Veh\u00edculos, principios activos y<br \/>materias primas de uso cosm\u00e9tico.<br \/>\u2022 Morfolog\u00eda del rostro, Visagismo &amp; Contouring.<br \/>\u2022 Colorimetr\u00eda, teor\u00eda del color<br \/>\u2022 Perfilado y dise\u00f1o de cejas<br \/>\u2022 Sombreados, esfumaturas y delineados<br \/>\u2022 Correcciones y Modelado: Aplicaci\u00f3n de bases y correctores<br \/>\u2022 El rubor y el maquillaje de labios<br \/>\u2022 Aplicaci\u00f3n de pesta\u00f1as enteras, individuales, de grupos, fantas\u00eda<br \/>\u2022 Pr\u00e1ctica Profesional, Utilizaci\u00f3n del Facechart<br \/>\u2022 Maquillaje dia, Maquillaje Noche, maquillaje pieles maduras<br \/>\u2022 No Make up look<br \/>\u2022 Eventos: Quince, novias y madrinas<br \/>\u2022 Marketing aplicado<br \/>\u2022 Tendencias y Vanguardias<\/p>\n<p>En muchas clases se requerir\u00e1 que los alumnos traigan modelo.<br \/><strong><br \/>Modalidad:<\/strong> Exposici\u00f3n dialogada \u2013 Practica supervisada<\/p>\n<p>[\/et_pb_text][\/et_pb_column][\/et_pb_row][\/et_pb_section]<\/p>\n","protected":false},"excerpt":{"rendered":"<p>Maquillaje SocialNuestras Carreras, tienen un equilibrio entre el Saber hacer, el Saber y el SerProfesional que reflejan nuestros Planes de Estudio. Descripci\u00f3n de la carrera:La carrera de Maquillaje Social posibilita a quien la transita un despliegue decreatividad y vuelo aplicado a la Belleza.Se brindar\u00e1n herramientas para que el artista pueda realizar un maquillajeadaptado a la [&hellip;]<\/p>\n","protected":false},"author":1,"featured_media":0,"parent":134,"menu_order":0,"comment_status":"closed","ping_status":"closed","template":"","meta":{"_et_pb_use_builder":"on","_et_pb_old_content":"","_et_gb_content_width":"","footnotes":""},"_links":{"self":[{"href":"https:\/\/nuevaempresa.com.ar\/sanmiguel\/wp-json\/wp\/v2\/pages\/559"}],"collection":[{"href":"https:\/\/nuevaempresa.com.ar\/sanmiguel\/wp-json\/wp\/v2\/pages"}],"about":[{"href":"https:\/\/nuevaempresa.com.ar\/sanmiguel\/wp-json\/wp\/v2\/types\/page"}],"author":[{"embeddable":true,"href":"https:\/\/nuevaempresa.com.ar\/sanmiguel\/wp-json\/wp\/v2\/users\/1"}],"replies":[{"embeddable":true,"href":"https:\/\/nuevaempresa.com.ar\/sanmiguel\/wp-json\/wp\/v2\/comments?post=559"}],"version-history":[{"count":3,"href":"https:\/\/nuevaempresa.com.ar\/sanmiguel\/wp-json\/wp\/v2\/pages\/559\/revisions"}],"predecessor-version":[{"id":564,"href":"https:\/\/nuevaempresa.com.ar\/sanmiguel\/wp-json\/wp\/v2\/pages\/559\/revisions\/564"}],"up":[{"embeddable":true,"href":"https:\/\/nuevaempresa.com.ar\/sanmiguel\/wp-json\/wp\/v2\/pages\/134"}],"wp:attachment":[{"href":"https:\/\/nuevaempresa.com.ar\/sanmiguel\/wp-json\/wp\/v2\/media?parent=559"}],"curies":[{"name":"wp","href":"https:\/\/api.w.org\/{rel}","templated":true}]}}