{"id":437,"date":"2021-02-10T19:27:53","date_gmt":"2021-02-10T19:27:53","guid":{"rendered":"https:\/\/nuevaempresa.com.ar\/simona\/?page_id=437"},"modified":"2022-03-07T18:45:30","modified_gmt":"2022-03-07T18:45:30","slug":"simona","status":"publish","type":"page","link":"https:\/\/nuevaempresa.com.ar\/simona\/","title":{"rendered":"Simona"},"content":{"rendered":"<p>[et_pb_section fb_built=\u00bb1&#8243; fullwidth=\u00bbon\u00bb _builder_version=\u00bb4.2.2&#8243; height=\u00bb521px\u00bb][et_pb_fullwidth_slider _builder_version=\u00bb4.2.2&#8243; height=\u00bb521px\u00bb auto=\u00bbon\u00bb auto_speed=\u00bb4000&#8243; hover_enabled=\u00bb0&#8243;][et_pb_slide _builder_version=\u00bb4.2.2&#8243; background_enable_color=\u00bboff\u00bb background_image=\u00bbhttps:\/\/nuevaempresa.com.ar\/simona\/wp-content\/uploads\/2021\/02\/slide1.jpg\u00bb background_enable_image=\u00bbon\u00bb hover_enabled=\u00bb0&#8243; background_last_edited=\u00bbon|phone\u00bb background_image_phone=\u00bbhttps:\/\/nuevaempresa.com.ar\/simona\/wp-content\/uploads\/2022\/03\/slidecelu1.jpg\u00bb background_enable_image_phone=\u00bbon\u00bb][\/et_pb_slide][et_pb_slide _builder_version=\u00bb4.2.2&#8243; background_enable_color=\u00bboff\u00bb background_image=\u00bbhttps:\/\/nuevaempresa.com.ar\/simona\/wp-content\/uploads\/2021\/02\/slide2.jpg\u00bb background_enable_image=\u00bbon\u00bb hover_enabled=\u00bb0&#8243; background_last_edited=\u00bbon|phone\u00bb background_image_phone=\u00bbhttps:\/\/nuevaempresa.com.ar\/simona\/wp-content\/uploads\/2022\/03\/slidecelu2.jpg\u00bb background_enable_image_phone=\u00bbon\u00bb][\/et_pb_slide][\/et_pb_fullwidth_slider][\/et_pb_section][et_pb_section fb_built=\u00bb1&#8243; admin_label=\u00bbPromos\u00bb _builder_version=\u00bb4.2.2&#8243; background_color=\u00bb#8b4f99&#8243; custom_padding=\u00bb38px||15px|||\u00bb top_divider_style=\u00bbcurve\u00bb top_divider_color=\u00bb#ffffff\u00bb top_divider_height=\u00bb1.2vw\u00bb top_divider_repeat=\u00bb20x\u00bb][et_pb_row column_structure=\u00bb1_4,1_4,1_4,1_4&#8243; use_custom_gutter=\u00bbon\u00bb gutter_width=\u00bb2&#8243; _builder_version=\u00bb4.2.2&#8243; width=\u00bb90%\u00bb max_width=\u00bb1300px\u00bb custom_padding=\u00bb9px|||||\u00bb][et_pb_column type=\u00bb1_4&#8243; _builder_version=\u00bb3.25.3&#8243;][et_pb_text _builder_version=\u00bb4.2.2&#8243; text_font=\u00bb|700|||||||\u00bb text_text_color=\u00bb#ffffff\u00bb text_font_size=\u00bb24px\u00bb text_line_height=\u00bb1.8em\u00bb header_text_color=\u00bb#ffffff\u00bb header_2_font=\u00bbPacifico||||||||\u00bb header_2_font_size=\u00bb48px\u00bb header_2_line_height=\u00bb1.5em\u00bb text_orientation=\u00bbcenter\u00bb module_alignment=\u00bbcenter\u00bb header_2_font_size_tablet=\u00bb\u00bb header_2_font_size_phone=\u00bb30px\u00bb header_2_font_size_last_edited=\u00bbon|desktop\u00bb locked=\u00bboff\u00bb]NOSOTROS[\/et_pb_text][et_pb_text _builder_version=\u00bb4.2.2&#8243; text_font=\u00bb||||||||\u00bb text_text_color=\u00bb#ffffff\u00bb text_line_height=\u00bb1.8em\u00bb header_text_color=\u00bb#ffffff\u00bb header_2_font=\u00bbPacifico||||||||\u00bb header_2_font_size=\u00bb48px\u00bb header_2_line_height=\u00bb1.5em\u00bb text_orientation=\u00bbcenter\u00bb module_alignment=\u00bbcenter\u00bb header_2_font_size_tablet=\u00bb\u00bb header_2_font_size_phone=\u00bb30px\u00bb header_2_font_size_last_edited=\u00bbon|desktop\u00bb locked=\u00bboff\u00bb]<\/p>\n<p>Somos una empresa familiar joven con m\u00e1s de 10 a\u00f1os de experiencia en pasteler\u00eda artesanal.<\/p>\n<p>Nos caracteriza nuestra creatividad y especial atenci\u00f3n a los detalles a la hora de llevar a cabo nuestro trabajo.<\/p>\n<p>[\/et_pb_text][et_pb_button button_text=\u00bbVer m\u00e1s\u00bb button_alignment=\u00bbcenter\u00bb _builder_version=\u00bb4.2.2&#8243; custom_button=\u00bbon\u00bb button_text_color=\u00bb#ffffff\u00bb][\/et_pb_button][\/et_pb_column][et_pb_column type=\u00bb1_4&#8243; _builder_version=\u00bb4.2.2&#8243;][et_pb_image src=\u00bbhttps:\/\/nuevaempresa.com.ar\/simona\/wp-content\/uploads\/2021\/02\/dulceshome.jpg\u00bb _builder_version=\u00bb4.2.2&#8243;][\/et_pb_image][\/et_pb_column][et_pb_column type=\u00bb1_4&#8243; _builder_version=\u00bb4.2.2&#8243;][et_pb_image src=\u00bbhttps:\/\/nuevaempresa.com.ar\/simona\/wp-content\/uploads\/2021\/02\/decorada-homt.jpg\u00bb _builder_version=\u00bb4.2.2&#8243;][\/et_pb_image][\/et_pb_column][et_pb_column type=\u00bb1_4&#8243; _builder_version=\u00bb4.2.2&#8243;][et_pb_image src=\u00bbhttps:\/\/nuevaempresa.com.ar\/simona\/wp-content\/uploads\/2021\/02\/otras-homr.jpg\u00bb _builder_version=\u00bb4.2.2&#8243;][\/et_pb_image][\/et_pb_column][\/et_pb_row][\/et_pb_section][et_pb_section fb_built=\u00bb1&#8243; _builder_version=\u00bb4.2.2&#8243;][et_pb_row column_structure=\u00bb3_5,2_5&#8243; use_custom_gutter=\u00bbon\u00bb _builder_version=\u00bb4.2.2&#8243; max_width=\u00bb1300px\u00bb][et_pb_column type=\u00bb3_5&#8243; _builder_version=\u00bb4.2.2&#8243;][et_pb_text _builder_version=\u00bb4.2.2&#8243; text_font=\u00bb|700|||||||\u00bb text_font_size=\u00bb24px\u00bb custom_margin=\u00bb||17px|||\u00bb]EVENTOS[\/et_pb_text][et_pb_text _builder_version=\u00bb4.2.2&#8243;]Toda ocasi\u00f3n de reuni\u00f3n o festejo, ya sea familiar o empresarial, debe tener la impronta particular de cada caso.<\/p>\n<p>Por tal motivo Simona Pasteler\u00eda brinda un asesoramiento profesional y personalizado, ofreciendo propuestas que van desde las m\u00e1s tradicionales hasta opciones de servicio muy originales.<\/p>\n<p>Nuestro compromiso es esforzarnos para que el evento se convierta en \u00fanico, exitoso y recordable, tanto para los organizadores como para los invitados.[\/et_pb_text][\/et_pb_column][et_pb_column type=\u00bb2_5&#8243; _builder_version=\u00bb4.2.2&#8243;][et_pb_image src=\u00bbhttps:\/\/nuevaempresa.com.ar\/simona\/wp-content\/uploads\/2021\/02\/servicio.jpg\u00bb _builder_version=\u00bb4.2.2&#8243;][\/et_pb_image][\/et_pb_column][\/et_pb_row][\/et_pb_section]<\/p>\n","protected":false},"excerpt":{"rendered":"<p>[et_pb_section fb_built=\u00bb1&#8243; fullwidth=\u00bbon\u00bb _builder_version=\u00bb4.2.2&#8243; height=\u00bb521px\u00bb][et_pb_fullwidth_slider _builder_version=\u00bb4.2.2&#8243; height=\u00bb521px\u00bb auto=\u00bbon\u00bb auto_speed=\u00bb4000&#8243; hover_enabled=\u00bb0&#8243;][et_pb_slide _builder_version=\u00bb4.2.2&#8243; background_enable_color=\u00bboff\u00bb background_image=\u00bbhttps:\/\/nuevaempresa.com.ar\/simona\/wp-content\/uploads\/2021\/02\/slide1.jpg\u00bb background_enable_image=\u00bbon\u00bb hover_enabled=\u00bb0&#8243; background_last_edited=\u00bbon|phone\u00bb background_image_phone=\u00bbhttps:\/\/nuevaempresa.com.ar\/simona\/wp-content\/uploads\/2022\/03\/slidecelu1.jpg\u00bb background_enable_image_phone=\u00bbon\u00bb][\/et_pb_slide][et_pb_slide _builder_version=\u00bb4.2.2&#8243; background_enable_color=\u00bboff\u00bb background_image=\u00bbhttps:\/\/nuevaempresa.com.ar\/simona\/wp-content\/uploads\/2021\/02\/slide2.jpg\u00bb background_enable_image=\u00bbon\u00bb hover_enabled=\u00bb0&#8243; background_last_edited=\u00bbon|phone\u00bb background_image_phone=\u00bbhttps:\/\/nuevaempresa.com.ar\/simona\/wp-content\/uploads\/2022\/03\/slidecelu2.jpg\u00bb background_enable_image_phone=\u00bbon\u00bb][\/et_pb_slide][\/et_pb_fullwidth_slider][\/et_pb_section][et_pb_section fb_built=\u00bb1&#8243; admin_label=\u00bbPromos\u00bb _builder_version=\u00bb4.2.2&#8243; background_color=\u00bb#8b4f99&#8243; custom_padding=\u00bb38px||15px|||\u00bb top_divider_style=\u00bbcurve\u00bb top_divider_color=\u00bb#ffffff\u00bb top_divider_height=\u00bb1.2vw\u00bb top_divider_repeat=\u00bb20x\u00bb][et_pb_row column_structure=\u00bb1_4,1_4,1_4,1_4&#8243; use_custom_gutter=\u00bbon\u00bb gutter_width=\u00bb2&#8243; _builder_version=\u00bb4.2.2&#8243; width=\u00bb90%\u00bb max_width=\u00bb1300px\u00bb custom_padding=\u00bb9px|||||\u00bb][et_pb_column type=\u00bb1_4&#8243; _builder_version=\u00bb3.25.3&#8243;][et_pb_text _builder_version=\u00bb4.2.2&#8243; text_font=\u00bb|700|||||||\u00bb text_text_color=\u00bb#ffffff\u00bb text_font_size=\u00bb24px\u00bb text_line_height=\u00bb1.8em\u00bb header_text_color=\u00bb#ffffff\u00bb header_2_font=\u00bbPacifico||||||||\u00bb header_2_font_size=\u00bb48px\u00bb header_2_line_height=\u00bb1.5em\u00bb text_orientation=\u00bbcenter\u00bb module_alignment=\u00bbcenter\u00bb [&hellip;]<\/p>\n","protected":false},"author":1,"featured_media":0,"parent":0,"menu_order":0,"comment_status":"closed","ping_status":"closed","template":"","meta":{"_et_pb_use_builder":"on","_et_pb_old_content":"","_et_gb_content_width":"","kt_blocks_editor_width":""},"_links":{"self":[{"href":"https:\/\/nuevaempresa.com.ar\/simona\/wp-json\/wp\/v2\/pages\/437"}],"collection":[{"href":"https:\/\/nuevaempresa.com.ar\/simona\/wp-json\/wp\/v2\/pages"}],"about":[{"href":"https:\/\/nuevaempresa.com.ar\/simona\/wp-json\/wp\/v2\/types\/page"}],"author":[{"embeddable":true,"href":"https:\/\/nuevaempresa.com.ar\/simona\/wp-json\/wp\/v2\/users\/1"}],"replies":[{"embeddable":true,"href":"https:\/\/nuevaempresa.com.ar\/simona\/wp-json\/wp\/v2\/comments?post=437"}],"version-history":[{"count":21,"href":"https:\/\/nuevaempresa.com.ar\/simona\/wp-json\/wp\/v2\/pages\/437\/revisions"}],"predecessor-version":[{"id":618,"href":"https:\/\/nuevaempresa.com.ar\/simona\/wp-json\/wp\/v2\/pages\/437\/revisions\/618"}],"wp:attachment":[{"href":"https:\/\/nuevaempresa.com.ar\/simona\/wp-json\/wp\/v2\/media?parent=437"}],"curies":[{"name":"wp","href":"https:\/\/api.w.org\/{rel}","templated":true}]}}