{"id":527,"date":"2021-02-12T13:12:23","date_gmt":"2021-02-12T13:12:23","guid":{"rendered":"https:\/\/nuevaempresa.com.ar\/simona\/?page_id=527"},"modified":"2021-02-12T13:41:38","modified_gmt":"2021-02-12T13:41:38","slug":"tortas-decoradas","status":"publish","type":"page","link":"https:\/\/nuevaempresa.com.ar\/simona\/tortas-decoradas\/","title":{"rendered":"TORTAS DECORADAS"},"content":{"rendered":"<p>Las realizamos de acuerdo a tu necesidad para as\u00ed poder ayudarte a que tu festejo sea inolvidable.<br \/>\nConsultanos el modelo que m\u00e1s te guste!<br \/>\nA continuaci\u00f3n podr\u00e1n ver algunos ejemplos de nuestros trabajos<\/p>\n<p><img decoding=\"async\" loading=\"lazy\" class=\"alignnone size-full wp-image-539\" src=\"https:\/\/nuevaempresa.com.ar\/simona\/wp-content\/uploads\/2021\/02\/Chocotorta-Cancha-c.jpg\" alt=\"\" width=\"332\" height=\"274\" srcset=\"https:\/\/nuevaempresa.com.ar\/simona\/wp-content\/uploads\/2021\/02\/Chocotorta-Cancha-c.jpg 332w, https:\/\/nuevaempresa.com.ar\/simona\/wp-content\/uploads\/2021\/02\/Chocotorta-Cancha-c-300x248.jpg 300w\" sizes=\"(max-width: 332px) 100vw, 332px\" \/> \u00a0<img decoding=\"async\" loading=\"lazy\" class=\"alignnone size-full wp-image-540\" src=\"https:\/\/nuevaempresa.com.ar\/simona\/wp-content\/uploads\/2021\/02\/Decorada-cebra-c.jpg\" alt=\"\" width=\"332\" height=\"274\" srcset=\"https:\/\/nuevaempresa.com.ar\/simona\/wp-content\/uploads\/2021\/02\/Decorada-cebra-c.jpg 332w, https:\/\/nuevaempresa.com.ar\/simona\/wp-content\/uploads\/2021\/02\/Decorada-cebra-c-300x248.jpg 300w\" sizes=\"(max-width: 332px) 100vw, 332px\" \/><img decoding=\"async\" loading=\"lazy\" class=\"alignnone size-full wp-image-548\" src=\"https:\/\/nuevaempresa.com.ar\/simona\/wp-content\/uploads\/2021\/02\/Decorada-Toy-Story-c.jpg\" alt=\"\" width=\"332\" height=\"274\" srcset=\"https:\/\/nuevaempresa.com.ar\/simona\/wp-content\/uploads\/2021\/02\/Decorada-Toy-Story-c.jpg 332w, https:\/\/nuevaempresa.com.ar\/simona\/wp-content\/uploads\/2021\/02\/Decorada-Toy-Story-c-300x248.jpg 300w\" sizes=\"(max-width: 332px) 100vw, 332px\" \/> \u00a0<img decoding=\"async\" loading=\"lazy\" class=\"alignnone size-full wp-image-542\" src=\"https:\/\/nuevaempresa.com.ar\/simona\/wp-content\/uploads\/2021\/02\/Torta-autos-c.jpg\" alt=\"\" width=\"332\" height=\"274\" srcset=\"https:\/\/nuevaempresa.com.ar\/simona\/wp-content\/uploads\/2021\/02\/Torta-autos-c.jpg 332w, https:\/\/nuevaempresa.com.ar\/simona\/wp-content\/uploads\/2021\/02\/Torta-autos-c-300x248.jpg 300w\" sizes=\"(max-width: 332px) 100vw, 332px\" \/> <img decoding=\"async\" loading=\"lazy\" class=\"alignnone size-full wp-image-543\" src=\"https:\/\/nuevaempresa.com.ar\/simona\/wp-content\/uploads\/2021\/02\/Torta-Aviones-Nacho-c.jpg\" alt=\"\" width=\"332\" height=\"274\" srcset=\"https:\/\/nuevaempresa.com.ar\/simona\/wp-content\/uploads\/2021\/02\/Torta-Aviones-Nacho-c.jpg 332w, https:\/\/nuevaempresa.com.ar\/simona\/wp-content\/uploads\/2021\/02\/Torta-Aviones-Nacho-c-300x248.jpg 300w\" sizes=\"(max-width: 332px) 100vw, 332px\" \/> \u00a0<img decoding=\"async\" loading=\"lazy\" class=\"alignnone size-full wp-image-544\" src=\"https:\/\/nuevaempresa.com.ar\/simona\/wp-content\/uploads\/2021\/02\/Torta-BabyShower-Panal-c.jpg\" alt=\"\" width=\"332\" height=\"274\" srcset=\"https:\/\/nuevaempresa.com.ar\/simona\/wp-content\/uploads\/2021\/02\/Torta-BabyShower-Panal-c.jpg 332w, https:\/\/nuevaempresa.com.ar\/simona\/wp-content\/uploads\/2021\/02\/Torta-BabyShower-Panal-c-300x248.jpg 300w\" sizes=\"(max-width: 332px) 100vw, 332px\" \/><img decoding=\"async\" loading=\"lazy\" class=\"alignnone size-full wp-image-545\" src=\"https:\/\/nuevaempresa.com.ar\/simona\/wp-content\/uploads\/2021\/02\/15-c.jpg\" alt=\"\" width=\"332\" height=\"274\" srcset=\"https:\/\/nuevaempresa.com.ar\/simona\/wp-content\/uploads\/2021\/02\/15-c.jpg 332w, https:\/\/nuevaempresa.com.ar\/simona\/wp-content\/uploads\/2021\/02\/15-c-300x248.jpg 300w\" sizes=\"(max-width: 332px) 100vw, 332px\" \/> <img decoding=\"async\" loading=\"lazy\" class=\"alignnone size-full wp-image-546\" src=\"https:\/\/nuevaempresa.com.ar\/simona\/wp-content\/uploads\/2021\/02\/banderines-c.jpg\" alt=\"\" width=\"332\" height=\"274\" srcset=\"https:\/\/nuevaempresa.com.ar\/simona\/wp-content\/uploads\/2021\/02\/banderines-c.jpg 332w, https:\/\/nuevaempresa.com.ar\/simona\/wp-content\/uploads\/2021\/02\/banderines-c-300x248.jpg 300w\" sizes=\"(max-width: 332px) 100vw, 332px\" \/> <img decoding=\"async\" loading=\"lazy\" class=\"alignnone size-full wp-image-547\" src=\"https:\/\/nuevaempresa.com.ar\/simona\/wp-content\/uploads\/2021\/02\/Torta-Regalos-Maridel-c.jpg\" alt=\"\" width=\"332\" height=\"274\" srcset=\"https:\/\/nuevaempresa.com.ar\/simona\/wp-content\/uploads\/2021\/02\/Torta-Regalos-Maridel-c.jpg 332w, https:\/\/nuevaempresa.com.ar\/simona\/wp-content\/uploads\/2021\/02\/Torta-Regalos-Maridel-c-300x248.jpg 300w\" sizes=\"(max-width: 332px) 100vw, 332px\" \/><img decoding=\"async\" loading=\"lazy\" class=\"alignnone size-full wp-image-549\" src=\"https:\/\/nuevaempresa.com.ar\/simona\/wp-content\/uploads\/2021\/02\/astronauta-c.jpg\" alt=\"\" width=\"332\" height=\"274\" srcset=\"https:\/\/nuevaempresa.com.ar\/simona\/wp-content\/uploads\/2021\/02\/astronauta-c.jpg 332w, https:\/\/nuevaempresa.com.ar\/simona\/wp-content\/uploads\/2021\/02\/astronauta-c-300x248.jpg 300w\" sizes=\"(max-width: 332px) 100vw, 332px\" \/><img decoding=\"async\" loading=\"lazy\" class=\"alignnone size-full wp-image-550\" src=\"https:\/\/nuevaempresa.com.ar\/simona\/wp-content\/uploads\/2021\/02\/bateria-c.jpg\" alt=\"\" width=\"332\" height=\"274\" srcset=\"https:\/\/nuevaempresa.com.ar\/simona\/wp-content\/uploads\/2021\/02\/bateria-c.jpg 332w, https:\/\/nuevaempresa.com.ar\/simona\/wp-content\/uploads\/2021\/02\/bateria-c-300x248.jpg 300w\" sizes=\"(max-width: 332px) 100vw, 332px\" \/><img decoding=\"async\" loading=\"lazy\" class=\"alignnone size-full wp-image-551\" src=\"https:\/\/nuevaempresa.com.ar\/simona\/wp-content\/uploads\/2021\/02\/bautimosnena-c.jpg\" alt=\"\" width=\"332\" height=\"274\" srcset=\"https:\/\/nuevaempresa.com.ar\/simona\/wp-content\/uploads\/2021\/02\/bautimosnena-c.jpg 332w, https:\/\/nuevaempresa.com.ar\/simona\/wp-content\/uploads\/2021\/02\/bautimosnena-c-300x248.jpg 300w\" sizes=\"(max-width: 332px) 100vw, 332px\" \/><img decoding=\"async\" loading=\"lazy\" class=\"alignnone size-full wp-image-552\" src=\"https:\/\/nuevaempresa.com.ar\/simona\/wp-content\/uploads\/2021\/02\/boca-c.jpg\" alt=\"\" width=\"332\" height=\"274\" srcset=\"https:\/\/nuevaempresa.com.ar\/simona\/wp-content\/uploads\/2021\/02\/boca-c.jpg 332w, https:\/\/nuevaempresa.com.ar\/simona\/wp-content\/uploads\/2021\/02\/boca-c-300x248.jpg 300w\" sizes=\"(max-width: 332px) 100vw, 332px\" \/><img decoding=\"async\" loading=\"lazy\" class=\"alignnone size-full wp-image-553\" src=\"https:\/\/nuevaempresa.com.ar\/simona\/wp-content\/uploads\/2021\/02\/camiseta-c.jpg\" alt=\"\" width=\"332\" height=\"274\" srcset=\"https:\/\/nuevaempresa.com.ar\/simona\/wp-content\/uploads\/2021\/02\/camiseta-c.jpg 332w, https:\/\/nuevaempresa.com.ar\/simona\/wp-content\/uploads\/2021\/02\/camiseta-c-300x248.jpg 300w\" sizes=\"(max-width: 332px) 100vw, 332px\" \/><img decoding=\"async\" loading=\"lazy\" class=\"alignnone size-full wp-image-554\" src=\"https:\/\/nuevaempresa.com.ar\/simona\/wp-content\/uploads\/2021\/02\/cancha-c-1.jpg\" alt=\"\" width=\"332\" height=\"274\" srcset=\"https:\/\/nuevaempresa.com.ar\/simona\/wp-content\/uploads\/2021\/02\/cancha-c-1.jpg 332w, https:\/\/nuevaempresa.com.ar\/simona\/wp-content\/uploads\/2021\/02\/cancha-c-1-300x248.jpg 300w\" sizes=\"(max-width: 332px) 100vw, 332px\" \/><img decoding=\"async\" loading=\"lazy\" class=\"alignnone size-full wp-image-558\" src=\"https:\/\/nuevaempresa.com.ar\/simona\/wp-content\/uploads\/2021\/02\/pepa-c.jpg\" alt=\"\" width=\"332\" height=\"274\" srcset=\"https:\/\/nuevaempresa.com.ar\/simona\/wp-content\/uploads\/2021\/02\/pepa-c.jpg 332w, https:\/\/nuevaempresa.com.ar\/simona\/wp-content\/uploads\/2021\/02\/pepa-c-300x248.jpg 300w\" sizes=\"(max-width: 332px) 100vw, 332px\" \/><img decoding=\"async\" loading=\"lazy\" class=\"alignnone size-full wp-image-555\" src=\"https:\/\/nuevaempresa.com.ar\/simona\/wp-content\/uploads\/2021\/02\/comunion2-c.jpg\" alt=\"\" width=\"332\" height=\"274\" srcset=\"https:\/\/nuevaempresa.com.ar\/simona\/wp-content\/uploads\/2021\/02\/comunion2-c.jpg 332w, https:\/\/nuevaempresa.com.ar\/simona\/wp-content\/uploads\/2021\/02\/comunion2-c-300x248.jpg 300w\" sizes=\"(max-width: 332px) 100vw, 332px\" \/><img decoding=\"async\" loading=\"lazy\" class=\"alignnone size-full wp-image-556\" src=\"https:\/\/nuevaempresa.com.ar\/simona\/wp-content\/uploads\/2021\/02\/comunion3-c.jpg\" alt=\"\" width=\"332\" height=\"274\" srcset=\"https:\/\/nuevaempresa.com.ar\/simona\/wp-content\/uploads\/2021\/02\/comunion3-c.jpg 332w, https:\/\/nuevaempresa.com.ar\/simona\/wp-content\/uploads\/2021\/02\/comunion3-c-300x248.jpg 300w\" sizes=\"(max-width: 332px) 100vw, 332px\" \/> <img decoding=\"async\" loading=\"lazy\" class=\"alignnone size-full wp-image-557\" src=\"https:\/\/nuevaempresa.com.ar\/simona\/wp-content\/uploads\/2021\/02\/comunion-c.jpg\" alt=\"\" width=\"332\" height=\"274\" srcset=\"https:\/\/nuevaempresa.com.ar\/simona\/wp-content\/uploads\/2021\/02\/comunion-c.jpg 332w, https:\/\/nuevaempresa.com.ar\/simona\/wp-content\/uploads\/2021\/02\/comunion-c-300x248.jpg 300w\" sizes=\"(max-width: 332px) 100vw, 332px\" \/><img decoding=\"async\" loading=\"lazy\" class=\"alignnone size-full wp-image-559\" src=\"https:\/\/nuevaempresa.com.ar\/simona\/wp-content\/uploads\/2021\/02\/frida-c.jpg\" alt=\"\" width=\"332\" height=\"274\" srcset=\"https:\/\/nuevaempresa.com.ar\/simona\/wp-content\/uploads\/2021\/02\/frida-c.jpg 332w, https:\/\/nuevaempresa.com.ar\/simona\/wp-content\/uploads\/2021\/02\/frida-c-300x248.jpg 300w\" sizes=\"(max-width: 332px) 100vw, 332px\" \/> <img decoding=\"async\" loading=\"lazy\" class=\"alignnone size-full wp-image-560\" src=\"https:\/\/nuevaempresa.com.ar\/simona\/wp-content\/uploads\/2021\/02\/spider-c.jpg\" alt=\"\" width=\"332\" height=\"274\" srcset=\"https:\/\/nuevaempresa.com.ar\/simona\/wp-content\/uploads\/2021\/02\/spider-c.jpg 332w, https:\/\/nuevaempresa.com.ar\/simona\/wp-content\/uploads\/2021\/02\/spider-c-300x248.jpg 300w\" sizes=\"(max-width: 332px) 100vw, 332px\" \/><\/p>\n","protected":false},"excerpt":{"rendered":"<p>Las realizamos de acuerdo a tu necesidad para as\u00ed poder ayudarte a que tu festejo sea inolvidable. Consultanos el modelo que m\u00e1s te guste! A continuaci\u00f3n podr\u00e1n ver algunos ejemplos de nuestros trabajos \u00a0 \u00a0 \u00a0<\/p>\n","protected":false},"author":1,"featured_media":0,"parent":0,"menu_order":0,"comment_status":"closed","ping_status":"closed","template":"","meta":{"_et_pb_use_builder":"","_et_pb_old_content":"","_et_gb_content_width":"","kt_blocks_editor_width":""},"_links":{"self":[{"href":"https:\/\/nuevaempresa.com.ar\/simona\/wp-json\/wp\/v2\/pages\/527"}],"collection":[{"href":"https:\/\/nuevaempresa.com.ar\/simona\/wp-json\/wp\/v2\/pages"}],"about":[{"href":"https:\/\/nuevaempresa.com.ar\/simona\/wp-json\/wp\/v2\/types\/page"}],"author":[{"embeddable":true,"href":"https:\/\/nuevaempresa.com.ar\/simona\/wp-json\/wp\/v2\/users\/1"}],"replies":[{"embeddable":true,"href":"https:\/\/nuevaempresa.com.ar\/simona\/wp-json\/wp\/v2\/comments?post=527"}],"version-history":[{"count":5,"href":"https:\/\/nuevaempresa.com.ar\/simona\/wp-json\/wp\/v2\/pages\/527\/revisions"}],"predecessor-version":[{"id":597,"href":"https:\/\/nuevaempresa.com.ar\/simona\/wp-json\/wp\/v2\/pages\/527\/revisions\/597"}],"wp:attachment":[{"href":"https:\/\/nuevaempresa.com.ar\/simona\/wp-json\/wp\/v2\/media?parent=527"}],"curies":[{"name":"wp","href":"https:\/\/api.w.org\/{rel}","templated":true}]}}